{"id":1545,"date":"2024-10-16T08:38:06","date_gmt":"2024-10-16T06:38:06","guid":{"rendered":"https:\/\/www.servismetal.sk\/lead-bronze-cusn7pb15-cusn10pb10-alloys\/"},"modified":"2026-01-28T14:29:02","modified_gmt":"2026-01-28T13:29:02","slug":"lead-bronze-cusn7pb15-cusn10pb10-alloys","status":"publish","type":"page","link":"https:\/\/www.servismetal.sk\/en\/lead-bronze-cusn7pb15-cusn10pb10-alloys\/","title":{"rendered":"Lead bronze CuSn7Pb15, CuSn10Pb10 &#8211; alloys"},"content":{"rendered":"\t\t<div data-elementor-type=\"wp-page\" data-elementor-id=\"1545\" class=\"elementor elementor-1545 elementor-1398\" data-elementor-post-type=\"page\">\n\t\t\t\t<div class=\"elementor-element elementor-element-26201e0 e-flex e-con-boxed e-con e-parent\" data-id=\"26201e0\" data-element_type=\"container\" data-settings=\"{&quot;background_background&quot;:&quot;classic&quot;}\">\n\t\t\t\t\t<div class=\"e-con-inner\">\n\t\t<div class=\"elementor-element elementor-element-25a72b4 e-con-full e-flex e-con e-child\" data-id=\"25a72b4\" data-element_type=\"container\">\n\t\t\t\t<div class=\"elementor-element elementor-element-ef38c83 elementor-widget elementor-widget-heading\" data-id=\"ef38c83\" data-element_type=\"widget\" data-widget_type=\"heading.default\">\n\t\t\t\t<div class=\"elementor-widget-container\">\n\t\t\t\t\t<h2 class=\"elementor-heading-title elementor-size-default\">CuSn7Pb15, CuSn10Pb10,\nCuSn5Pb20<\/h2>\t\t\t\t<\/div>\n\t\t\t\t<\/div>\n\t\t\t\t<div class=\"elementor-element elementor-element-2e066d5 elementor-widget elementor-widget-heading\" data-id=\"2e066d5\" data-element_type=\"widget\" data-widget_type=\"heading.default\">\n\t\t\t\t<div class=\"elementor-widget-container\">\n\t\t\t\t\t<h1 class=\"elementor-heading-title elementor-size-default\">Lead bronze<\/h1>\t\t\t\t<\/div>\n\t\t\t\t<\/div>\n\t\t<div class=\"elementor-element elementor-element-b3e59b3 e-con-full e-flex e-con e-child\" data-id=\"b3e59b3\" data-element_type=\"container\" data-settings=\"{&quot;background_background&quot;:&quot;classic&quot;}\">\n\t\t\t\t<div class=\"elementor-element elementor-element-953b4be elementor-widget elementor-widget-text-editor\" data-id=\"953b4be\" data-element_type=\"widget\" data-widget_type=\"text-editor.default\">\n\t\t\t\t<div class=\"elementor-widget-container\">\n\t\t\t\t\t\t\t\t\t<p>Lead bronze (CuSn7Pb15, CuSn10Pb10, CuSn5Pb20) is an alloy of copper, tin,<br>and lead, known for its excellent wear resistance and superior sliding<br>properties. Thanks to these characteristics, it is ideal for producing bearings,<br>bushings, and other components subjected to high friction and load. Lead<br>bronze is a reliable solution for applications where long service life and<br>resistance to wear are critical.  <\/p>\t\t\t\t\t\t\t\t<\/div>\n\t\t\t\t<\/div>\n\t\t\t\t<\/div>\n\t\t\t\t<\/div>\n\t\t\t\t\t<\/div>\n\t\t\t\t<\/div>\n\t\t<div class=\"elementor-element elementor-element-98cd448 e-flex e-con-boxed e-con e-parent\" data-id=\"98cd448\" data-element_type=\"container\">\n\t\t\t\t\t<div class=\"e-con-inner\">\n\t\t\t\t<div class=\"elementor-element elementor-element-80894a6 elementor-widget elementor-widget-heading\" data-id=\"80894a6\" data-element_type=\"widget\" data-widget_type=\"heading.default\">\n\t\t\t\t<div class=\"elementor-widget-container\">\n\t\t\t\t\t<h3 class=\"elementor-heading-title elementor-size-default\">Method of production: continuously cast Gc, centrifugally cast Gz.<\/h3>\t\t\t\t<\/div>\n\t\t\t\t<\/div>\n\t\t\t\t\t<\/div>\n\t\t\t\t<\/div>\n\t\t<div class=\"elementor-element elementor-element-e648c03 e-flex e-con-boxed e-con e-parent\" data-id=\"e648c03\" data-element_type=\"container\">\n\t\t\t\t\t<div class=\"e-con-inner\">\n\t\t<div class=\"elementor-element elementor-element-e2ab6ea e-con-full e-flex e-con e-child\" data-id=\"e2ab6ea\" data-element_type=\"container\">\n\t\t\t\t<div class=\"elementor-element elementor-element-e407273 elementor-widget elementor-widget-image\" data-id=\"e407273\" data-element_type=\"widget\" data-widget_type=\"image.default\">\n\t\t\t\t<div class=\"elementor-widget-container\">\n\t\t\t\t\t\t\t\t\t\t\t\t\t\t\t<img fetchpriority=\"high\" decoding=\"async\" width=\"800\" height=\"800\" src=\"https:\/\/www.servismetal.sk\/wp-content\/uploads\/2024\/09\/Ikony-Profilov-pre-katalog-oddelene-artboardy-01-1024x1024.png\" class=\"attachment-large size-large wp-image-1145\" alt=\"\" srcset=\"https:\/\/www.servismetal.sk\/wp-content\/uploads\/2024\/09\/Ikony-Profilov-pre-katalog-oddelene-artboardy-01-1024x1024.png 1024w, https:\/\/www.servismetal.sk\/wp-content\/uploads\/2024\/09\/Ikony-Profilov-pre-katalog-oddelene-artboardy-01-300x300.png 300w, https:\/\/www.servismetal.sk\/wp-content\/uploads\/2024\/09\/Ikony-Profilov-pre-katalog-oddelene-artboardy-01-150x150.png 150w, https:\/\/www.servismetal.sk\/wp-content\/uploads\/2024\/09\/Ikony-Profilov-pre-katalog-oddelene-artboardy-01-768x768.png 768w, https:\/\/www.servismetal.sk\/wp-content\/uploads\/2024\/09\/Ikony-Profilov-pre-katalog-oddelene-artboardy-01.png 1042w\" sizes=\"(max-width: 800px) 100vw, 800px\" \/>\t\t\t\t\t\t\t\t\t\t\t\t\t\t\t<\/div>\n\t\t\t\t<\/div>\n\t\t\t\t<div class=\"elementor-element elementor-element-250ce6e elementor-widget elementor-widget-heading\" data-id=\"250ce6e\" data-element_type=\"widget\" data-widget_type=\"heading.default\">\n\t\t\t\t<div class=\"elementor-widget-container\">\n\t\t\t\t\t<h4 class=\"elementor-heading-title elementor-size-default\">Round bar<\/h4>\t\t\t\t<\/div>\n\t\t\t\t<\/div>\n\t\t\t\t<div class=\"elementor-element elementor-element-dc000c0 elementor-widget elementor-widget-text-editor\" data-id=\"dc000c0\" data-element_type=\"widget\" data-widget_type=\"text-editor.default\">\n\t\t\t\t<div class=\"elementor-widget-container\">\n\t\t\t\t\t\t\t\t\t<p>(CuSn10Pb10, CC495K, CuSn7Pb15, CC496K)<\/p>\t\t\t\t\t\t\t\t<\/div>\n\t\t\t\t<\/div>\n\t\t\t\t<\/div>\n\t\t<div class=\"elementor-element elementor-element-9811434 e-con-full e-flex e-con e-child\" data-id=\"9811434\" data-element_type=\"container\">\n\t\t\t\t<div class=\"elementor-element elementor-element-7c8ebd7 elementor-widget elementor-widget-image\" data-id=\"7c8ebd7\" data-element_type=\"widget\" data-widget_type=\"image.default\">\n\t\t\t\t<div class=\"elementor-widget-container\">\n\t\t\t\t\t\t\t\t\t\t\t\t\t\t\t<img decoding=\"async\" width=\"800\" height=\"800\" src=\"https:\/\/www.servismetal.sk\/wp-content\/uploads\/2024\/09\/Ikony-Profilov-pre-katalog-oddelene-artboardy_Rura-1024x1024.png\" class=\"attachment-large size-large wp-image-1142\" alt=\"\" srcset=\"https:\/\/www.servismetal.sk\/wp-content\/uploads\/2024\/09\/Ikony-Profilov-pre-katalog-oddelene-artboardy_Rura-1024x1024.png 1024w, https:\/\/www.servismetal.sk\/wp-content\/uploads\/2024\/09\/Ikony-Profilov-pre-katalog-oddelene-artboardy_Rura-300x300.png 300w, https:\/\/www.servismetal.sk\/wp-content\/uploads\/2024\/09\/Ikony-Profilov-pre-katalog-oddelene-artboardy_Rura-150x150.png 150w, https:\/\/www.servismetal.sk\/wp-content\/uploads\/2024\/09\/Ikony-Profilov-pre-katalog-oddelene-artboardy_Rura-768x768.png 768w, https:\/\/www.servismetal.sk\/wp-content\/uploads\/2024\/09\/Ikony-Profilov-pre-katalog-oddelene-artboardy_Rura.png 1042w\" sizes=\"(max-width: 800px) 100vw, 800px\" \/>\t\t\t\t\t\t\t\t\t\t\t\t\t\t\t<\/div>\n\t\t\t\t<\/div>\n\t\t\t\t<div class=\"elementor-element elementor-element-bb63510 elementor-widget elementor-widget-heading\" data-id=\"bb63510\" data-element_type=\"widget\" data-widget_type=\"heading.default\">\n\t\t\t\t<div class=\"elementor-widget-container\">\n\t\t\t\t\t<h4 class=\"elementor-heading-title elementor-size-default\">Tube<\/h4>\t\t\t\t<\/div>\n\t\t\t\t<\/div>\n\t\t\t\t<div class=\"elementor-element elementor-element-85291d3 elementor-widget elementor-widget-text-editor\" data-id=\"85291d3\" data-element_type=\"widget\" data-widget_type=\"text-editor.default\">\n\t\t\t\t<div class=\"elementor-widget-container\">\n\t\t\t\t\t\t\t\t\t<p>(CuSn10Pb10, CC495K, CuSn7Pb15, CC496K)<\/p>\t\t\t\t\t\t\t\t<\/div>\n\t\t\t\t<\/div>\n\t\t\t\t<\/div>\n\t\t<div class=\"elementor-element elementor-element-485dd33 e-con-full e-flex e-con e-child\" data-id=\"485dd33\" data-element_type=\"container\">\n\t\t\t\t<\/div>\n\t\t\t\t\t<\/div>\n\t\t\t\t<\/div>\n\t\t<div class=\"elementor-element elementor-element-eaa7632 e-flex e-con-boxed e-con e-parent\" data-id=\"eaa7632\" data-element_type=\"container\">\n\t\t\t\t\t<div class=\"e-con-inner\">\n\t\t<div class=\"elementor-element elementor-element-0c2c13d e-con-full e-flex e-con e-child\" data-id=\"0c2c13d\" data-element_type=\"container\">\n\t\t\t\t<div class=\"elementor-element elementor-element-91c7094 animated-fast elementor-invisible elementor-widget elementor-widget-button\" data-id=\"91c7094\" data-element_type=\"widget\" data-settings=\"{&quot;_animation&quot;:&quot;bounceIn&quot;,&quot;_animation_delay&quot;:200}\" data-widget_type=\"button.default\">\n\t\t\t\t<div class=\"elementor-widget-container\">\n\t\t\t\t\t\t\t\t\t<div class=\"elementor-button-wrapper\">\n\t\t\t\t\t<a class=\"elementor-button elementor-button-link elementor-size-sm elementor-animation-grow\" href=\"\/wp-content\/uploads\/2025\/01\/lead-bronze-catalogue.pdf\">\n\t\t\t\t\t\t<span class=\"elementor-button-content-wrapper\">\n\t\t\t\t\t\t\t\t\t<span class=\"elementor-button-text\">Catalogue for Lead bronzes<\/span>\n\t\t\t\t\t<\/span>\n\t\t\t\t\t<\/a>\n\t\t\t\t<\/div>\n\t\t\t\t\t\t\t\t<\/div>\n\t\t\t\t<\/div>\n\t\t\t\t<div class=\"elementor-element elementor-element-7993794 elementor-widget-divider--view-line elementor-widget elementor-widget-divider\" data-id=\"7993794\" data-element_type=\"widget\" data-widget_type=\"divider.default\">\n\t\t\t\t<div class=\"elementor-widget-container\">\n\t\t\t\t\t\t\t<div class=\"elementor-divider\">\n\t\t\t<span class=\"elementor-divider-separator\">\n\t\t\t\t\t\t<\/span>\n\t\t<\/div>\n\t\t\t\t\t\t<\/div>\n\t\t\t\t<\/div>\n\t\t\t\t<div class=\"elementor-element elementor-element-b937a65 elementor-widget elementor-widget-text-editor\" data-id=\"b937a65\" data-element_type=\"widget\" data-widget_type=\"text-editor.default\">\n\t\t\t\t<div class=\"elementor-widget-container\">\n\t\t\t\t\t\t\t\t\t<p>Additional information: <a href=\"\/wp-content\/uploads\/2026\/01\/lead-bronze-norms.pdf\">Alloys, International Standards and Application Examples \u2013 Lead Bronzes (PDF)<\/a><\/p>\t\t\t\t\t\t\t\t<\/div>\n\t\t\t\t<\/div>\n\t\t\t\t<\/div>\n\t\t\t\t\t<\/div>\n\t\t\t\t<\/div>\n\t\t\t\t<\/div>\n\t\t","protected":false},"excerpt":{"rendered":"<p>CuSn7Pb15, CuSn10Pb10, CuSn5Pb20 Lead bronze Lead bronze (CuSn7Pb15, CuSn10Pb10, CuSn5Pb20) is an alloy of copper, tin,and lead, known for its excellent wear resistance and superior slidingproperties. Thanks to these characteristics, it is ideal for producing bearings,bushings, and other components subjected to high friction and load. Leadbronze is a reliable solution for applications where long service [&hellip;]<\/p>\n","protected":false},"author":1,"featured_media":0,"parent":0,"menu_order":0,"comment_status":"closed","ping_status":"closed","template":"","meta":{"footnotes":""},"class_list":["post-1545","page","type-page","status-publish","hentry"],"yoast_head":"<!-- This site is optimized with the Yoast SEO plugin v24.5 - https:\/\/yoast.com\/wordpress\/plugins\/seo\/ -->\n<title>Lead bronze CuSn7Pb15, CuSn10Pb10 - alloys - ServisMetal.sk<\/title>\n<meta name=\"description\" content=\"Lead bronze (CuSn7Pb15, CuSn10Pb10) with excellentsliding properties and wear resistance is ideal for bearings and componentssubjected to high friction.\" \/>\n<meta name=\"robots\" content=\"index, follow, max-snippet:-1, max-image-preview:large, max-video-preview:-1\" \/>\n<link rel=\"canonical\" href=\"https:\/\/www.servismetal.sk\/en\/lead-bronze-cusn7pb15-cusn10pb10-alloys\/\" \/>\n<meta property=\"og:locale\" content=\"en_US\" \/>\n<meta property=\"og:type\" content=\"article\" \/>\n<meta property=\"og:title\" content=\"Lead bronze CuSn7Pb15, CuSn10Pb10 - alloys - ServisMetal.sk\" \/>\n<meta property=\"og:description\" content=\"Lead bronze (CuSn7Pb15, CuSn10Pb10) with excellentsliding properties and wear resistance is ideal for bearings and componentssubjected to high friction.\" \/>\n<meta property=\"og:url\" content=\"https:\/\/www.servismetal.sk\/en\/lead-bronze-cusn7pb15-cusn10pb10-alloys\/\" \/>\n<meta property=\"og:site_name\" content=\"ServisMetal.sk\" \/>\n<meta property=\"article:modified_time\" content=\"2026-01-28T13:29:02+00:00\" \/>\n<meta property=\"og:image\" content=\"https:\/\/www.servismetal.sk\/wp-content\/uploads\/2024\/09\/Ikony-Profilov-pre-katalog-oddelene-artboardy-01.png\" \/>\n\t<meta property=\"og:image:width\" content=\"1042\" \/>\n\t<meta property=\"og:image:height\" content=\"1042\" \/>\n\t<meta property=\"og:image:type\" content=\"image\/png\" \/>\n<meta name=\"twitter:card\" content=\"summary_large_image\" \/>\n<meta name=\"twitter:label1\" content=\"Est. reading time\" \/>\n\t<meta name=\"twitter:data1\" content=\"1 minute\" \/>\n<script type=\"application\/ld+json\" class=\"yoast-schema-graph\">{\"@context\":\"https:\/\/schema.org\",\"@graph\":[{\"@type\":\"WebPage\",\"@id\":\"https:\/\/www.servismetal.sk\/en\/lead-bronze-cusn7pb15-cusn10pb10-alloys\/\",\"url\":\"https:\/\/www.servismetal.sk\/en\/lead-bronze-cusn7pb15-cusn10pb10-alloys\/\",\"name\":\"Lead bronze CuSn7Pb15, CuSn10Pb10 - alloys - ServisMetal.sk\",\"isPartOf\":{\"@id\":\"https:\/\/www.servismetal.sk\/en\/#website\"},\"primaryImageOfPage\":{\"@id\":\"https:\/\/www.servismetal.sk\/en\/lead-bronze-cusn7pb15-cusn10pb10-alloys\/#primaryimage\"},\"image\":{\"@id\":\"https:\/\/www.servismetal.sk\/en\/lead-bronze-cusn7pb15-cusn10pb10-alloys\/#primaryimage\"},\"thumbnailUrl\":\"https:\/\/www.servismetal.sk\/wp-content\/uploads\/2024\/09\/Ikony-Profilov-pre-katalog-oddelene-artboardy-01-1024x1024.png\",\"datePublished\":\"2024-10-16T06:38:06+00:00\",\"dateModified\":\"2026-01-28T13:29:02+00:00\",\"description\":\"Lead bronze (CuSn7Pb15, CuSn10Pb10) with excellentsliding properties and wear resistance is ideal for bearings and componentssubjected to high friction.\",\"breadcrumb\":{\"@id\":\"https:\/\/www.servismetal.sk\/en\/lead-bronze-cusn7pb15-cusn10pb10-alloys\/#breadcrumb\"},\"inLanguage\":\"en-US\",\"potentialAction\":[{\"@type\":\"ReadAction\",\"target\":[\"https:\/\/www.servismetal.sk\/en\/lead-bronze-cusn7pb15-cusn10pb10-alloys\/\"]}]},{\"@type\":\"ImageObject\",\"inLanguage\":\"en-US\",\"@id\":\"https:\/\/www.servismetal.sk\/en\/lead-bronze-cusn7pb15-cusn10pb10-alloys\/#primaryimage\",\"url\":\"https:\/\/www.servismetal.sk\/wp-content\/uploads\/2024\/09\/Ikony-Profilov-pre-katalog-oddelene-artboardy-01-1024x1024.png\",\"contentUrl\":\"https:\/\/www.servismetal.sk\/wp-content\/uploads\/2024\/09\/Ikony-Profilov-pre-katalog-oddelene-artboardy-01-1024x1024.png\"},{\"@type\":\"BreadcrumbList\",\"@id\":\"https:\/\/www.servismetal.sk\/en\/lead-bronze-cusn7pb15-cusn10pb10-alloys\/#breadcrumb\",\"itemListElement\":[{\"@type\":\"ListItem\",\"position\":1,\"name\":\"Home\",\"item\":\"https:\/\/www.servismetal.sk\/en\/\"},{\"@type\":\"ListItem\",\"position\":2,\"name\":\"Lead bronze CuSn7Pb15, CuSn10Pb10 &#8211; alloys\"}]},{\"@type\":\"WebSite\",\"@id\":\"https:\/\/www.servismetal.sk\/en\/#website\",\"url\":\"https:\/\/www.servismetal.sk\/en\/\",\"name\":\"ServisMetal.sk\",\"description\":\"Farebn\u00e9 kovy od bronzu po mosadz. Zo\u017eenieme v\u0161etko!\",\"publisher\":{\"@id\":\"https:\/\/www.servismetal.sk\/en\/#organization\"},\"potentialAction\":[{\"@type\":\"SearchAction\",\"target\":{\"@type\":\"EntryPoint\",\"urlTemplate\":\"https:\/\/www.servismetal.sk\/en\/?s={search_term_string}\"},\"query-input\":{\"@type\":\"PropertyValueSpecification\",\"valueRequired\":true,\"valueName\":\"search_term_string\"}}],\"inLanguage\":\"en-US\"},{\"@type\":\"Organization\",\"@id\":\"https:\/\/www.servismetal.sk\/en\/#organization\",\"name\":\"ServisMetal.sk\",\"url\":\"https:\/\/www.servismetal.sk\/en\/\",\"logo\":{\"@type\":\"ImageObject\",\"inLanguage\":\"en-US\",\"@id\":\"https:\/\/www.servismetal.sk\/en\/#\/schema\/logo\/image\/\",\"url\":\"https:\/\/www.servismetal.sk\/wp-content\/uploads\/2024\/09\/logo-servismetal-01.png\",\"contentUrl\":\"https:\/\/www.servismetal.sk\/wp-content\/uploads\/2024\/09\/logo-servismetal-01.png\",\"width\":559,\"height\":286,\"caption\":\"ServisMetal.sk\"},\"image\":{\"@id\":\"https:\/\/www.servismetal.sk\/en\/#\/schema\/logo\/image\/\"}}]}<\/script>\n<!-- \/ Yoast SEO plugin. -->","yoast_head_json":{"title":"Lead bronze CuSn7Pb15, CuSn10Pb10 - alloys - ServisMetal.sk","description":"Lead bronze (CuSn7Pb15, CuSn10Pb10) with excellentsliding properties and wear resistance is ideal for bearings and componentssubjected to high friction.","robots":{"index":"index","follow":"follow","max-snippet":"max-snippet:-1","max-image-preview":"max-image-preview:large","max-video-preview":"max-video-preview:-1"},"canonical":"https:\/\/www.servismetal.sk\/en\/lead-bronze-cusn7pb15-cusn10pb10-alloys\/","og_locale":"en_US","og_type":"article","og_title":"Lead bronze CuSn7Pb15, CuSn10Pb10 - alloys - ServisMetal.sk","og_description":"Lead bronze (CuSn7Pb15, CuSn10Pb10) with excellentsliding properties and wear resistance is ideal for bearings and componentssubjected to high friction.","og_url":"https:\/\/www.servismetal.sk\/en\/lead-bronze-cusn7pb15-cusn10pb10-alloys\/","og_site_name":"ServisMetal.sk","article_modified_time":"2026-01-28T13:29:02+00:00","og_image":[{"width":1042,"height":1042,"url":"https:\/\/www.servismetal.sk\/wp-content\/uploads\/2024\/09\/Ikony-Profilov-pre-katalog-oddelene-artboardy-01.png","type":"image\/png"}],"twitter_card":"summary_large_image","twitter_misc":{"Est. reading time":"1 minute"},"schema":{"@context":"https:\/\/schema.org","@graph":[{"@type":"WebPage","@id":"https:\/\/www.servismetal.sk\/en\/lead-bronze-cusn7pb15-cusn10pb10-alloys\/","url":"https:\/\/www.servismetal.sk\/en\/lead-bronze-cusn7pb15-cusn10pb10-alloys\/","name":"Lead bronze CuSn7Pb15, CuSn10Pb10 - alloys - ServisMetal.sk","isPartOf":{"@id":"https:\/\/www.servismetal.sk\/en\/#website"},"primaryImageOfPage":{"@id":"https:\/\/www.servismetal.sk\/en\/lead-bronze-cusn7pb15-cusn10pb10-alloys\/#primaryimage"},"image":{"@id":"https:\/\/www.servismetal.sk\/en\/lead-bronze-cusn7pb15-cusn10pb10-alloys\/#primaryimage"},"thumbnailUrl":"https:\/\/www.servismetal.sk\/wp-content\/uploads\/2024\/09\/Ikony-Profilov-pre-katalog-oddelene-artboardy-01-1024x1024.png","datePublished":"2024-10-16T06:38:06+00:00","dateModified":"2026-01-28T13:29:02+00:00","description":"Lead bronze (CuSn7Pb15, CuSn10Pb10) with excellentsliding properties and wear resistance is ideal for bearings and componentssubjected to high friction.","breadcrumb":{"@id":"https:\/\/www.servismetal.sk\/en\/lead-bronze-cusn7pb15-cusn10pb10-alloys\/#breadcrumb"},"inLanguage":"en-US","potentialAction":[{"@type":"ReadAction","target":["https:\/\/www.servismetal.sk\/en\/lead-bronze-cusn7pb15-cusn10pb10-alloys\/"]}]},{"@type":"ImageObject","inLanguage":"en-US","@id":"https:\/\/www.servismetal.sk\/en\/lead-bronze-cusn7pb15-cusn10pb10-alloys\/#primaryimage","url":"https:\/\/www.servismetal.sk\/wp-content\/uploads\/2024\/09\/Ikony-Profilov-pre-katalog-oddelene-artboardy-01-1024x1024.png","contentUrl":"https:\/\/www.servismetal.sk\/wp-content\/uploads\/2024\/09\/Ikony-Profilov-pre-katalog-oddelene-artboardy-01-1024x1024.png"},{"@type":"BreadcrumbList","@id":"https:\/\/www.servismetal.sk\/en\/lead-bronze-cusn7pb15-cusn10pb10-alloys\/#breadcrumb","itemListElement":[{"@type":"ListItem","position":1,"name":"Home","item":"https:\/\/www.servismetal.sk\/en\/"},{"@type":"ListItem","position":2,"name":"Lead bronze CuSn7Pb15, CuSn10Pb10 &#8211; alloys"}]},{"@type":"WebSite","@id":"https:\/\/www.servismetal.sk\/en\/#website","url":"https:\/\/www.servismetal.sk\/en\/","name":"ServisMetal.sk","description":"Farebn\u00e9 kovy od bronzu po mosadz. Zo\u017eenieme v\u0161etko!","publisher":{"@id":"https:\/\/www.servismetal.sk\/en\/#organization"},"potentialAction":[{"@type":"SearchAction","target":{"@type":"EntryPoint","urlTemplate":"https:\/\/www.servismetal.sk\/en\/?s={search_term_string}"},"query-input":{"@type":"PropertyValueSpecification","valueRequired":true,"valueName":"search_term_string"}}],"inLanguage":"en-US"},{"@type":"Organization","@id":"https:\/\/www.servismetal.sk\/en\/#organization","name":"ServisMetal.sk","url":"https:\/\/www.servismetal.sk\/en\/","logo":{"@type":"ImageObject","inLanguage":"en-US","@id":"https:\/\/www.servismetal.sk\/en\/#\/schema\/logo\/image\/","url":"https:\/\/www.servismetal.sk\/wp-content\/uploads\/2024\/09\/logo-servismetal-01.png","contentUrl":"https:\/\/www.servismetal.sk\/wp-content\/uploads\/2024\/09\/logo-servismetal-01.png","width":559,"height":286,"caption":"ServisMetal.sk"},"image":{"@id":"https:\/\/www.servismetal.sk\/en\/#\/schema\/logo\/image\/"}}]}},"_links":{"self":[{"href":"https:\/\/www.servismetal.sk\/en\/wp-json\/wp\/v2\/pages\/1545","targetHints":{"allow":["GET"]}}],"collection":[{"href":"https:\/\/www.servismetal.sk\/en\/wp-json\/wp\/v2\/pages"}],"about":[{"href":"https:\/\/www.servismetal.sk\/en\/wp-json\/wp\/v2\/types\/page"}],"author":[{"embeddable":true,"href":"https:\/\/www.servismetal.sk\/en\/wp-json\/wp\/v2\/users\/1"}],"replies":[{"embeddable":true,"href":"https:\/\/www.servismetal.sk\/en\/wp-json\/wp\/v2\/comments?post=1545"}],"version-history":[{"count":11,"href":"https:\/\/www.servismetal.sk\/en\/wp-json\/wp\/v2\/pages\/1545\/revisions"}],"predecessor-version":[{"id":1908,"href":"https:\/\/www.servismetal.sk\/en\/wp-json\/wp\/v2\/pages\/1545\/revisions\/1908"}],"wp:attachment":[{"href":"https:\/\/www.servismetal.sk\/en\/wp-json\/wp\/v2\/media?parent=1545"}],"curies":[{"name":"wp","href":"https:\/\/api.w.org\/{rel}","templated":true}]}}