{"id":1238,"date":"2024-09-23T08:04:23","date_gmt":"2024-09-23T06:04:23","guid":{"rendered":"https:\/\/www.servismetal.sk\/copper\/"},"modified":"2026-01-28T14:15:37","modified_gmt":"2026-01-28T13:15:37","slug":"copper","status":"publish","type":"page","link":"https:\/\/www.servismetal.sk\/en\/copper\/","title":{"rendered":"Low-alloy copper alloys (CuCrZr, CuCo2Be,&#8230;)"},"content":{"rendered":"\t\t<div data-elementor-type=\"wp-page\" data-elementor-id=\"1238\" class=\"elementor elementor-1238 elementor-980\" data-elementor-post-type=\"page\">\n\t\t\t\t<div class=\"elementor-element elementor-element-af18c61 e-flex e-con-boxed e-con e-parent\" data-id=\"af18c61\" data-element_type=\"container\" data-settings=\"{&quot;background_background&quot;:&quot;classic&quot;}\">\n\t\t\t\t\t<div class=\"e-con-inner\">\n\t\t<div class=\"elementor-element elementor-element-a7f5397 e-con-full e-flex e-con e-child\" data-id=\"a7f5397\" data-element_type=\"container\">\n\t\t\t\t<div class=\"elementor-element elementor-element-fbb8635 elementor-widget elementor-widget-heading\" data-id=\"fbb8635\" data-element_type=\"widget\" data-widget_type=\"heading.default\">\n\t\t\t\t<div class=\"elementor-widget-container\">\n\t\t\t\t\t<h2 class=\"elementor-heading-title elementor-size-default\">CuCrZr, CuCo2Be, CuCoNiBe, CuBe2, CuNi2Si, CuTeP<\/h2>\t\t\t\t<\/div>\n\t\t\t\t<\/div>\n\t\t\t\t<div class=\"elementor-element elementor-element-a20aef6 elementor-widget elementor-widget-heading\" data-id=\"a20aef6\" data-element_type=\"widget\" data-widget_type=\"heading.default\">\n\t\t\t\t<div class=\"elementor-widget-container\">\n\t\t\t\t\t<h1 class=\"elementor-heading-title elementor-size-default\">Low-alloy copper alloys<\/h1>\t\t\t\t<\/div>\n\t\t\t\t<\/div>\n\t\t<div class=\"elementor-element elementor-element-b7b3894 e-con-full e-flex e-con e-child\" data-id=\"b7b3894\" data-element_type=\"container\" data-settings=\"{&quot;background_background&quot;:&quot;classic&quot;}\">\n\t\t\t\t<div class=\"elementor-element elementor-element-ee0e55b elementor-widget elementor-widget-text-editor\" data-id=\"ee0e55b\" data-element_type=\"widget\" data-widget_type=\"text-editor.default\">\n\t\t\t\t<div class=\"elementor-widget-container\">\n\t\t\t\t\t\t\t\t\t<p>Low-alloy copper alloys are highly sought after for their specific properties and<br \/>wide applications. Alloys like CuCrZr, CuCo2Be, and CuNi2Si combine high<br \/>strength, wear resistance, and excellent electrical and thermal conductivity.<br \/>They are used in the electrical industry, mechanical engineering, and<br \/>applications with high mechanical demands. Our offer includes the most<br \/>popular products for professionals who demand quality and reliability.   <\/p>\n\t\t\t\t\t\t\t\t<\/div>\n\t\t\t\t<\/div>\n\t\t\t\t<\/div>\n\t\t\t\t<\/div>\n\t\t\t\t\t<\/div>\n\t\t\t\t<\/div>\n\t\t<div class=\"elementor-element elementor-element-f0cfdf1 e-flex e-con-boxed e-con e-parent\" data-id=\"f0cfdf1\" data-element_type=\"container\">\n\t\t\t\t\t<div class=\"e-con-inner\">\n\t\t\t\t<div class=\"elementor-element elementor-element-3a6959d elementor-widget elementor-widget-heading\" data-id=\"3a6959d\" data-element_type=\"widget\" data-widget_type=\"heading.default\">\n\t\t\t\t<div class=\"elementor-widget-container\">\n\t\t\t\t\t<h3 class=\"elementor-heading-title elementor-size-default\">Method of production: pulled, pressed, rolled, cast, forged.<\/h3>\t\t\t\t<\/div>\n\t\t\t\t<\/div>\n\t\t\t\t\t<\/div>\n\t\t\t\t<\/div>\n\t\t<div class=\"elementor-element elementor-element-e4befe8 e-flex e-con-boxed e-con e-parent\" data-id=\"e4befe8\" data-element_type=\"container\">\n\t\t\t\t\t<div class=\"e-con-inner\">\n\t\t<div class=\"elementor-element elementor-element-c9eca79 e-con-full e-flex e-con e-child\" data-id=\"c9eca79\" data-element_type=\"container\">\n\t\t\t\t<div class=\"elementor-element elementor-element-7364720 elementor-widget elementor-widget-image\" data-id=\"7364720\" data-element_type=\"widget\" data-widget_type=\"image.default\">\n\t\t\t\t<div class=\"elementor-widget-container\">\n\t\t\t\t\t\t\t\t\t\t\t\t\t\t\t<img fetchpriority=\"high\" decoding=\"async\" width=\"800\" height=\"800\" src=\"https:\/\/www.servismetal.sk\/wp-content\/uploads\/2024\/09\/Ikony-Profilov-pre-katalog-oddelene-artboardy-01-1024x1024.png\" class=\"attachment-large size-large wp-image-1145\" alt=\"\" srcset=\"https:\/\/www.servismetal.sk\/wp-content\/uploads\/2024\/09\/Ikony-Profilov-pre-katalog-oddelene-artboardy-01-1024x1024.png 1024w, https:\/\/www.servismetal.sk\/wp-content\/uploads\/2024\/09\/Ikony-Profilov-pre-katalog-oddelene-artboardy-01-300x300.png 300w, https:\/\/www.servismetal.sk\/wp-content\/uploads\/2024\/09\/Ikony-Profilov-pre-katalog-oddelene-artboardy-01-150x150.png 150w, https:\/\/www.servismetal.sk\/wp-content\/uploads\/2024\/09\/Ikony-Profilov-pre-katalog-oddelene-artboardy-01-768x768.png 768w, https:\/\/www.servismetal.sk\/wp-content\/uploads\/2024\/09\/Ikony-Profilov-pre-katalog-oddelene-artboardy-01.png 1042w\" sizes=\"(max-width: 800px) 100vw, 800px\" \/>\t\t\t\t\t\t\t\t\t\t\t\t\t\t\t<\/div>\n\t\t\t\t<\/div>\n\t\t\t\t<div class=\"elementor-element elementor-element-b1086bf elementor-widget elementor-widget-heading\" data-id=\"b1086bf\" data-element_type=\"widget\" data-widget_type=\"heading.default\">\n\t\t\t\t<div class=\"elementor-widget-container\">\n\t\t\t\t\t<h4 class=\"elementor-heading-title elementor-size-default\">Round bar<\/h4>\t\t\t\t<\/div>\n\t\t\t\t<\/div>\n\t\t\t\t<div class=\"elementor-element elementor-element-18cce73 elementor-widget elementor-widget-text-editor\" data-id=\"18cce73\" data-element_type=\"widget\" data-widget_type=\"text-editor.default\">\n\t\t\t\t<div class=\"elementor-widget-container\">\n\t\t\t\t\t\t\t\t\t<p>(CuCrZr, CuCo2Be, CuCoNiBe, CuBe2, CuNi2Si, CuTeP)<\/p>\n\t\t\t\t\t\t\t\t<\/div>\n\t\t\t\t<\/div>\n\t\t\t\t<\/div>\n\t\t<div class=\"elementor-element elementor-element-5d80759 e-con-full e-flex e-con e-child\" data-id=\"5d80759\" data-element_type=\"container\">\n\t\t\t\t<div class=\"elementor-element elementor-element-691f042 elementor-widget elementor-widget-image\" data-id=\"691f042\" data-element_type=\"widget\" data-widget_type=\"image.default\">\n\t\t\t\t<div class=\"elementor-widget-container\">\n\t\t\t\t\t\t\t\t\t\t\t\t\t\t\t<img decoding=\"async\" width=\"800\" height=\"800\" src=\"https:\/\/www.servismetal.sk\/wp-content\/uploads\/2024\/09\/Ikony-Profilov-pre-katalog-oddelene-artboardy_Plocha-tyc-1024x1024.png\" class=\"attachment-large size-large wp-image-1140\" alt=\"\" srcset=\"https:\/\/www.servismetal.sk\/wp-content\/uploads\/2024\/09\/Ikony-Profilov-pre-katalog-oddelene-artboardy_Plocha-tyc-1024x1024.png 1024w, https:\/\/www.servismetal.sk\/wp-content\/uploads\/2024\/09\/Ikony-Profilov-pre-katalog-oddelene-artboardy_Plocha-tyc-300x300.png 300w, https:\/\/www.servismetal.sk\/wp-content\/uploads\/2024\/09\/Ikony-Profilov-pre-katalog-oddelene-artboardy_Plocha-tyc-150x150.png 150w, https:\/\/www.servismetal.sk\/wp-content\/uploads\/2024\/09\/Ikony-Profilov-pre-katalog-oddelene-artboardy_Plocha-tyc-768x768.png 768w, https:\/\/www.servismetal.sk\/wp-content\/uploads\/2024\/09\/Ikony-Profilov-pre-katalog-oddelene-artboardy_Plocha-tyc.png 1042w\" sizes=\"(max-width: 800px) 100vw, 800px\" \/>\t\t\t\t\t\t\t\t\t\t\t\t\t\t\t<\/div>\n\t\t\t\t<\/div>\n\t\t\t\t<div class=\"elementor-element elementor-element-4c7fd2c elementor-widget elementor-widget-heading\" data-id=\"4c7fd2c\" data-element_type=\"widget\" data-widget_type=\"heading.default\">\n\t\t\t\t<div class=\"elementor-widget-container\">\n\t\t\t\t\t<h4 class=\"elementor-heading-title elementor-size-default\">Flat bar<\/h4>\t\t\t\t<\/div>\n\t\t\t\t<\/div>\n\t\t\t\t<div class=\"elementor-element elementor-element-d8a82f5 elementor-widget elementor-widget-text-editor\" data-id=\"d8a82f5\" data-element_type=\"widget\" data-widget_type=\"text-editor.default\">\n\t\t\t\t<div class=\"elementor-widget-container\">\n\t\t\t\t\t\t\t\t\t<p>(CuCrZr, CuCo2Be, CuCoNiBe, CuNi2Si)<\/p>\n\t\t\t\t\t\t\t\t<\/div>\n\t\t\t\t<\/div>\n\t\t\t\t<\/div>\n\t\t<div class=\"elementor-element elementor-element-6219996 e-con-full e-flex e-con e-child\" data-id=\"6219996\" data-element_type=\"container\">\n\t\t\t\t<div class=\"elementor-element elementor-element-fc1e16d elementor-widget elementor-widget-image\" data-id=\"fc1e16d\" data-element_type=\"widget\" data-widget_type=\"image.default\">\n\t\t\t\t<div class=\"elementor-widget-container\">\n\t\t\t\t\t\t\t\t\t\t\t\t\t\t\t<img decoding=\"async\" width=\"800\" height=\"800\" src=\"https:\/\/www.servismetal.sk\/wp-content\/uploads\/2024\/09\/Ikony-Profilov-pre-katalog-oddelene-artboardy_Stvorhranna-tyc-1024x1024.png\" class=\"attachment-large size-large wp-image-1144\" alt=\"\" srcset=\"https:\/\/www.servismetal.sk\/wp-content\/uploads\/2024\/09\/Ikony-Profilov-pre-katalog-oddelene-artboardy_Stvorhranna-tyc-1024x1024.png 1024w, https:\/\/www.servismetal.sk\/wp-content\/uploads\/2024\/09\/Ikony-Profilov-pre-katalog-oddelene-artboardy_Stvorhranna-tyc-300x300.png 300w, https:\/\/www.servismetal.sk\/wp-content\/uploads\/2024\/09\/Ikony-Profilov-pre-katalog-oddelene-artboardy_Stvorhranna-tyc-150x150.png 150w, https:\/\/www.servismetal.sk\/wp-content\/uploads\/2024\/09\/Ikony-Profilov-pre-katalog-oddelene-artboardy_Stvorhranna-tyc-768x768.png 768w, https:\/\/www.servismetal.sk\/wp-content\/uploads\/2024\/09\/Ikony-Profilov-pre-katalog-oddelene-artboardy_Stvorhranna-tyc.png 1042w\" sizes=\"(max-width: 800px) 100vw, 800px\" \/>\t\t\t\t\t\t\t\t\t\t\t\t\t\t\t<\/div>\n\t\t\t\t<\/div>\n\t\t\t\t<div class=\"elementor-element elementor-element-e30ec83 elementor-widget elementor-widget-heading\" data-id=\"e30ec83\" data-element_type=\"widget\" data-widget_type=\"heading.default\">\n\t\t\t\t<div class=\"elementor-widget-container\">\n\t\t\t\t\t<h4 class=\"elementor-heading-title elementor-size-default\">Square bar<\/h4>\t\t\t\t<\/div>\n\t\t\t\t<\/div>\n\t\t\t\t<div class=\"elementor-element elementor-element-b436f7d elementor-widget elementor-widget-text-editor\" data-id=\"b436f7d\" data-element_type=\"widget\" data-widget_type=\"text-editor.default\">\n\t\t\t\t<div class=\"elementor-widget-container\">\n\t\t\t\t\t\t\t\t\t<p>(CuCrZr, CuCo2Be, CuCoNiBe, CuNi2Si)<\/p>\n\t\t\t\t\t\t\t\t<\/div>\n\t\t\t\t<\/div>\n\t\t\t\t<\/div>\n\t\t<div class=\"elementor-element elementor-element-ed7eb5b e-con-full e-flex e-con e-child\" data-id=\"ed7eb5b\" data-element_type=\"container\">\n\t\t\t\t<div class=\"elementor-element elementor-element-4a5044e elementor-widget elementor-widget-image\" data-id=\"4a5044e\" data-element_type=\"widget\" data-widget_type=\"image.default\">\n\t\t\t\t<div class=\"elementor-widget-container\">\n\t\t\t\t\t\t\t\t\t\t\t\t\t\t\t<img loading=\"lazy\" decoding=\"async\" width=\"220\" height=\"220\" src=\"https:\/\/www.servismetal.sk\/wp-content\/uploads\/2026\/01\/Sesthranna-tyc@4x.png\" class=\"attachment-large size-large wp-image-1848\" alt=\"\" srcset=\"https:\/\/www.servismetal.sk\/wp-content\/uploads\/2026\/01\/Sesthranna-tyc@4x.png 220w, https:\/\/www.servismetal.sk\/wp-content\/uploads\/2026\/01\/Sesthranna-tyc@4x-150x150.png 150w\" sizes=\"(max-width: 220px) 100vw, 220px\" \/>\t\t\t\t\t\t\t\t\t\t\t\t\t\t\t<\/div>\n\t\t\t\t<\/div>\n\t\t\t\t<div class=\"elementor-element elementor-element-3b0d9c7 elementor-widget elementor-widget-heading\" data-id=\"3b0d9c7\" data-element_type=\"widget\" data-widget_type=\"heading.default\">\n\t\t\t\t<div class=\"elementor-widget-container\">\n\t\t\t\t\t<h4 class=\"elementor-heading-title elementor-size-default\">Hexagonal bar<\/h4>\t\t\t\t<\/div>\n\t\t\t\t<\/div>\n\t\t\t\t<div class=\"elementor-element elementor-element-761a1e7 elementor-widget elementor-widget-text-editor\" data-id=\"761a1e7\" data-element_type=\"widget\" data-widget_type=\"text-editor.default\">\n\t\t\t\t<div class=\"elementor-widget-container\">\n\t\t\t\t\t\t\t\t\t<p>(CuCrZr, CuCo2Be, CuNi2Si, Cu TeP)<\/p>\n\t\t\t\t\t\t\t\t<\/div>\n\t\t\t\t<\/div>\n\t\t\t\t<\/div>\n\t\t<div class=\"elementor-element elementor-element-d756562 e-con-full e-flex e-con e-child\" data-id=\"d756562\" data-element_type=\"container\">\n\t\t\t\t<div class=\"elementor-element elementor-element-98ae89e elementor-widget elementor-widget-image\" data-id=\"98ae89e\" data-element_type=\"widget\" data-widget_type=\"image.default\">\n\t\t\t\t<div class=\"elementor-widget-container\">\n\t\t\t\t\t\t\t\t\t\t\t\t\t\t\t<img loading=\"lazy\" decoding=\"async\" width=\"800\" height=\"800\" src=\"https:\/\/www.servismetal.sk\/wp-content\/uploads\/2024\/09\/Ikony-Profilov-pre-katalog-oddelene-artboardy_Plech-zvitok-doska-1024x1024.png\" class=\"attachment-large size-large wp-image-1139\" alt=\"\" srcset=\"https:\/\/www.servismetal.sk\/wp-content\/uploads\/2024\/09\/Ikony-Profilov-pre-katalog-oddelene-artboardy_Plech-zvitok-doska-1024x1024.png 1024w, https:\/\/www.servismetal.sk\/wp-content\/uploads\/2024\/09\/Ikony-Profilov-pre-katalog-oddelene-artboardy_Plech-zvitok-doska-300x300.png 300w, https:\/\/www.servismetal.sk\/wp-content\/uploads\/2024\/09\/Ikony-Profilov-pre-katalog-oddelene-artboardy_Plech-zvitok-doska-150x150.png 150w, https:\/\/www.servismetal.sk\/wp-content\/uploads\/2024\/09\/Ikony-Profilov-pre-katalog-oddelene-artboardy_Plech-zvitok-doska-768x768.png 768w, https:\/\/www.servismetal.sk\/wp-content\/uploads\/2024\/09\/Ikony-Profilov-pre-katalog-oddelene-artboardy_Plech-zvitok-doska.png 1042w\" sizes=\"(max-width: 800px) 100vw, 800px\" \/>\t\t\t\t\t\t\t\t\t\t\t\t\t\t\t<\/div>\n\t\t\t\t<\/div>\n\t\t\t\t<div class=\"elementor-element elementor-element-05ab51e elementor-widget elementor-widget-heading\" data-id=\"05ab51e\" data-element_type=\"widget\" data-widget_type=\"heading.default\">\n\t\t\t\t<div class=\"elementor-widget-container\">\n\t\t\t\t\t<h4 class=\"elementor-heading-title elementor-size-default\">Forged plate<\/h4>\t\t\t\t<\/div>\n\t\t\t\t<\/div>\n\t\t\t\t<div class=\"elementor-element elementor-element-60e9972 elementor-widget elementor-widget-text-editor\" data-id=\"60e9972\" data-element_type=\"widget\" data-widget_type=\"text-editor.default\">\n\t\t\t\t<div class=\"elementor-widget-container\">\n\t\t\t\t\t\t\t\t\t<p>(CuCoNiBe)<\/p>\n\t\t\t\t\t\t\t\t<\/div>\n\t\t\t\t<\/div>\n\t\t\t\t<\/div>\n\t\t<div class=\"elementor-element elementor-element-4875e41 e-con-full e-flex e-con e-child\" data-id=\"4875e41\" data-element_type=\"container\">\n\t\t\t\t<\/div>\n\t\t\t\t\t<\/div>\n\t\t\t\t<\/div>\n\t\t<div class=\"elementor-element elementor-element-2a5b08e e-flex e-con-boxed e-con e-parent\" data-id=\"2a5b08e\" data-element_type=\"container\">\n\t\t\t\t\t<div class=\"e-con-inner\">\n\t\t<div class=\"elementor-element elementor-element-030ec23 e-con-full e-flex e-con e-child\" data-id=\"030ec23\" data-element_type=\"container\">\n\t\t\t\t<div class=\"elementor-element elementor-element-ab9c804 animated-fast elementor-invisible elementor-widget elementor-widget-button\" data-id=\"ab9c804\" data-element_type=\"widget\" data-settings=\"{&quot;_animation&quot;:&quot;bounceIn&quot;,&quot;_animation_delay&quot;:200}\" data-widget_type=\"button.default\">\n\t\t\t\t<div class=\"elementor-widget-container\">\n\t\t\t\t\t\t\t\t\t<div class=\"elementor-button-wrapper\">\n\t\t\t\t\t<a class=\"elementor-button elementor-button-link elementor-size-sm elementor-animation-grow\" href=\"\/wp-content\/uploads\/2026\/01\/low-alloy-copper-alloys-catalogue.pdf\">\n\t\t\t\t\t\t<span class=\"elementor-button-content-wrapper\">\n\t\t\t\t\t\t\t\t\t<span class=\"elementor-button-text\">Catalogue for Low-alloy copper alloys<\/span>\n\t\t\t\t\t<\/span>\n\t\t\t\t\t<\/a>\n\t\t\t\t<\/div>\n\t\t\t\t\t\t\t\t<\/div>\n\t\t\t\t<\/div>\n\t\t\t\t<div class=\"elementor-element elementor-element-18df715 elementor-widget-divider--view-line elementor-widget elementor-widget-divider\" data-id=\"18df715\" data-element_type=\"widget\" data-widget_type=\"divider.default\">\n\t\t\t\t<div class=\"elementor-widget-container\">\n\t\t\t\t\t\t\t<div class=\"elementor-divider\">\n\t\t\t<span class=\"elementor-divider-separator\">\n\t\t\t\t\t\t<\/span>\n\t\t<\/div>\n\t\t\t\t\t\t<\/div>\n\t\t\t\t<\/div>\n\t\t\t\t<div class=\"elementor-element elementor-element-d25aa96 elementor-widget elementor-widget-text-editor\" data-id=\"d25aa96\" data-element_type=\"widget\" data-widget_type=\"text-editor.default\">\n\t\t\t\t<div class=\"elementor-widget-container\">\n\t\t\t\t\t\t\t\t\t<p>Additional information: <a href=\"\/wp-content\/uploads\/2026\/01\/low-alloy-copper-alloys-norms.pdf\">Alloys, International Standards and Application Examples \u2013 Low-alloy Copper Alloys (PDF)<\/a><\/p>\t\t\t\t\t\t\t\t<\/div>\n\t\t\t\t<\/div>\n\t\t\t\t<\/div>\n\t\t\t\t\t<\/div>\n\t\t\t\t<\/div>\n\t\t\t\t<\/div>\n\t\t","protected":false},"excerpt":{"rendered":"<p>CuCrZr, CuCo2Be, CuCoNiBe, CuBe2, CuNi2Si, CuTeP Low-alloy copper alloys Low-alloy copper alloys are highly sought after for their specific properties andwide applications. Alloys like CuCrZr, CuCo2Be, and CuNi2Si combine highstrength, wear resistance, and excellent electrical and thermal conductivity.They are used in the electrical industry, mechanical engineering, andapplications with high mechanical demands. Our offer includes the [&hellip;]<\/p>\n","protected":false},"author":1,"featured_media":0,"parent":0,"menu_order":0,"comment_status":"closed","ping_status":"closed","template":"","meta":{"footnotes":""},"class_list":["post-1238","page","type-page","status-publish","hentry"],"yoast_head":"<!-- This site is optimized with the Yoast SEO plugin v24.5 - https:\/\/yoast.com\/wordpress\/plugins\/seo\/ -->\n<title>Low-alloy copper alloys (CuCrZr, CuCo2Be,...) - ServisMetal.sk<\/title>\n<meta name=\"description\" content=\"Low-alloy copper alloys (CuCrZr, CuCo2Be, CuNi2Si) withhigh strength and conductivity. For electrical engineering, mechanicalengineering, demanding applications.\" \/>\n<meta name=\"robots\" content=\"index, follow, max-snippet:-1, max-image-preview:large, max-video-preview:-1\" \/>\n<link rel=\"canonical\" href=\"https:\/\/www.servismetal.sk\/en\/copper\/\" \/>\n<meta property=\"og:locale\" content=\"en_US\" \/>\n<meta property=\"og:type\" content=\"article\" \/>\n<meta property=\"og:title\" content=\"Low-alloy copper alloys (CuCrZr, CuCo2Be,...) - ServisMetal.sk\" \/>\n<meta property=\"og:description\" content=\"Low-alloy copper alloys (CuCrZr, CuCo2Be, CuNi2Si) withhigh strength and conductivity. For electrical engineering, mechanicalengineering, demanding applications.\" \/>\n<meta property=\"og:url\" content=\"https:\/\/www.servismetal.sk\/en\/copper\/\" \/>\n<meta property=\"og:site_name\" content=\"ServisMetal.sk\" \/>\n<meta property=\"article:modified_time\" content=\"2026-01-28T13:15:37+00:00\" \/>\n<meta property=\"og:image\" content=\"https:\/\/www.servismetal.sk\/wp-content\/uploads\/2024\/09\/Ikony-Profilov-pre-katalog-oddelene-artboardy-01.png\" \/>\n\t<meta property=\"og:image:width\" content=\"1042\" \/>\n\t<meta property=\"og:image:height\" content=\"1042\" \/>\n\t<meta property=\"og:image:type\" content=\"image\/png\" \/>\n<meta name=\"twitter:card\" content=\"summary_large_image\" \/>\n<meta name=\"twitter:label1\" content=\"Est. reading time\" \/>\n\t<meta name=\"twitter:data1\" content=\"2 minutes\" \/>\n<script type=\"application\/ld+json\" class=\"yoast-schema-graph\">{\"@context\":\"https:\/\/schema.org\",\"@graph\":[{\"@type\":\"WebPage\",\"@id\":\"https:\/\/www.servismetal.sk\/en\/copper\/\",\"url\":\"https:\/\/www.servismetal.sk\/en\/copper\/\",\"name\":\"Low-alloy copper alloys (CuCrZr, CuCo2Be,...) - ServisMetal.sk\",\"isPartOf\":{\"@id\":\"https:\/\/www.servismetal.sk\/en\/#website\"},\"primaryImageOfPage\":{\"@id\":\"https:\/\/www.servismetal.sk\/en\/copper\/#primaryimage\"},\"image\":{\"@id\":\"https:\/\/www.servismetal.sk\/en\/copper\/#primaryimage\"},\"thumbnailUrl\":\"https:\/\/www.servismetal.sk\/wp-content\/uploads\/2024\/09\/Ikony-Profilov-pre-katalog-oddelene-artboardy-01-1024x1024.png\",\"datePublished\":\"2024-09-23T06:04:23+00:00\",\"dateModified\":\"2026-01-28T13:15:37+00:00\",\"description\":\"Low-alloy copper alloys (CuCrZr, CuCo2Be, CuNi2Si) withhigh strength and conductivity. For electrical engineering, mechanicalengineering, demanding applications.\",\"breadcrumb\":{\"@id\":\"https:\/\/www.servismetal.sk\/en\/copper\/#breadcrumb\"},\"inLanguage\":\"en-US\",\"potentialAction\":[{\"@type\":\"ReadAction\",\"target\":[\"https:\/\/www.servismetal.sk\/en\/copper\/\"]}]},{\"@type\":\"ImageObject\",\"inLanguage\":\"en-US\",\"@id\":\"https:\/\/www.servismetal.sk\/en\/copper\/#primaryimage\",\"url\":\"https:\/\/www.servismetal.sk\/wp-content\/uploads\/2024\/09\/Ikony-Profilov-pre-katalog-oddelene-artboardy-01-1024x1024.png\",\"contentUrl\":\"https:\/\/www.servismetal.sk\/wp-content\/uploads\/2024\/09\/Ikony-Profilov-pre-katalog-oddelene-artboardy-01-1024x1024.png\"},{\"@type\":\"BreadcrumbList\",\"@id\":\"https:\/\/www.servismetal.sk\/en\/copper\/#breadcrumb\",\"itemListElement\":[{\"@type\":\"ListItem\",\"position\":1,\"name\":\"Home\",\"item\":\"https:\/\/www.servismetal.sk\/en\/\"},{\"@type\":\"ListItem\",\"position\":2,\"name\":\"Low-alloy copper alloys (CuCrZr, CuCo2Be,&#8230;)\"}]},{\"@type\":\"WebSite\",\"@id\":\"https:\/\/www.servismetal.sk\/en\/#website\",\"url\":\"https:\/\/www.servismetal.sk\/en\/\",\"name\":\"ServisMetal.sk\",\"description\":\"Farebn\u00e9 kovy od bronzu po mosadz. Zo\u017eenieme v\u0161etko!\",\"publisher\":{\"@id\":\"https:\/\/www.servismetal.sk\/en\/#organization\"},\"potentialAction\":[{\"@type\":\"SearchAction\",\"target\":{\"@type\":\"EntryPoint\",\"urlTemplate\":\"https:\/\/www.servismetal.sk\/en\/?s={search_term_string}\"},\"query-input\":{\"@type\":\"PropertyValueSpecification\",\"valueRequired\":true,\"valueName\":\"search_term_string\"}}],\"inLanguage\":\"en-US\"},{\"@type\":\"Organization\",\"@id\":\"https:\/\/www.servismetal.sk\/en\/#organization\",\"name\":\"ServisMetal.sk\",\"url\":\"https:\/\/www.servismetal.sk\/en\/\",\"logo\":{\"@type\":\"ImageObject\",\"inLanguage\":\"en-US\",\"@id\":\"https:\/\/www.servismetal.sk\/en\/#\/schema\/logo\/image\/\",\"url\":\"https:\/\/www.servismetal.sk\/wp-content\/uploads\/2024\/09\/logo-servismetal-01.png\",\"contentUrl\":\"https:\/\/www.servismetal.sk\/wp-content\/uploads\/2024\/09\/logo-servismetal-01.png\",\"width\":559,\"height\":286,\"caption\":\"ServisMetal.sk\"},\"image\":{\"@id\":\"https:\/\/www.servismetal.sk\/en\/#\/schema\/logo\/image\/\"}}]}<\/script>\n<!-- \/ Yoast SEO plugin. -->","yoast_head_json":{"title":"Low-alloy copper alloys (CuCrZr, CuCo2Be,...) - ServisMetal.sk","description":"Low-alloy copper alloys (CuCrZr, CuCo2Be, CuNi2Si) withhigh strength and conductivity. For electrical engineering, mechanicalengineering, demanding applications.","robots":{"index":"index","follow":"follow","max-snippet":"max-snippet:-1","max-image-preview":"max-image-preview:large","max-video-preview":"max-video-preview:-1"},"canonical":"https:\/\/www.servismetal.sk\/en\/copper\/","og_locale":"en_US","og_type":"article","og_title":"Low-alloy copper alloys (CuCrZr, CuCo2Be,...) - ServisMetal.sk","og_description":"Low-alloy copper alloys (CuCrZr, CuCo2Be, CuNi2Si) withhigh strength and conductivity. For electrical engineering, mechanicalengineering, demanding applications.","og_url":"https:\/\/www.servismetal.sk\/en\/copper\/","og_site_name":"ServisMetal.sk","article_modified_time":"2026-01-28T13:15:37+00:00","og_image":[{"width":1042,"height":1042,"url":"https:\/\/www.servismetal.sk\/wp-content\/uploads\/2024\/09\/Ikony-Profilov-pre-katalog-oddelene-artboardy-01.png","type":"image\/png"}],"twitter_card":"summary_large_image","twitter_misc":{"Est. reading time":"2 minutes"},"schema":{"@context":"https:\/\/schema.org","@graph":[{"@type":"WebPage","@id":"https:\/\/www.servismetal.sk\/en\/copper\/","url":"https:\/\/www.servismetal.sk\/en\/copper\/","name":"Low-alloy copper alloys (CuCrZr, CuCo2Be,...) - ServisMetal.sk","isPartOf":{"@id":"https:\/\/www.servismetal.sk\/en\/#website"},"primaryImageOfPage":{"@id":"https:\/\/www.servismetal.sk\/en\/copper\/#primaryimage"},"image":{"@id":"https:\/\/www.servismetal.sk\/en\/copper\/#primaryimage"},"thumbnailUrl":"https:\/\/www.servismetal.sk\/wp-content\/uploads\/2024\/09\/Ikony-Profilov-pre-katalog-oddelene-artboardy-01-1024x1024.png","datePublished":"2024-09-23T06:04:23+00:00","dateModified":"2026-01-28T13:15:37+00:00","description":"Low-alloy copper alloys (CuCrZr, CuCo2Be, CuNi2Si) withhigh strength and conductivity. For electrical engineering, mechanicalengineering, demanding applications.","breadcrumb":{"@id":"https:\/\/www.servismetal.sk\/en\/copper\/#breadcrumb"},"inLanguage":"en-US","potentialAction":[{"@type":"ReadAction","target":["https:\/\/www.servismetal.sk\/en\/copper\/"]}]},{"@type":"ImageObject","inLanguage":"en-US","@id":"https:\/\/www.servismetal.sk\/en\/copper\/#primaryimage","url":"https:\/\/www.servismetal.sk\/wp-content\/uploads\/2024\/09\/Ikony-Profilov-pre-katalog-oddelene-artboardy-01-1024x1024.png","contentUrl":"https:\/\/www.servismetal.sk\/wp-content\/uploads\/2024\/09\/Ikony-Profilov-pre-katalog-oddelene-artboardy-01-1024x1024.png"},{"@type":"BreadcrumbList","@id":"https:\/\/www.servismetal.sk\/en\/copper\/#breadcrumb","itemListElement":[{"@type":"ListItem","position":1,"name":"Home","item":"https:\/\/www.servismetal.sk\/en\/"},{"@type":"ListItem","position":2,"name":"Low-alloy copper alloys (CuCrZr, CuCo2Be,&#8230;)"}]},{"@type":"WebSite","@id":"https:\/\/www.servismetal.sk\/en\/#website","url":"https:\/\/www.servismetal.sk\/en\/","name":"ServisMetal.sk","description":"Farebn\u00e9 kovy od bronzu po mosadz. Zo\u017eenieme v\u0161etko!","publisher":{"@id":"https:\/\/www.servismetal.sk\/en\/#organization"},"potentialAction":[{"@type":"SearchAction","target":{"@type":"EntryPoint","urlTemplate":"https:\/\/www.servismetal.sk\/en\/?s={search_term_string}"},"query-input":{"@type":"PropertyValueSpecification","valueRequired":true,"valueName":"search_term_string"}}],"inLanguage":"en-US"},{"@type":"Organization","@id":"https:\/\/www.servismetal.sk\/en\/#organization","name":"ServisMetal.sk","url":"https:\/\/www.servismetal.sk\/en\/","logo":{"@type":"ImageObject","inLanguage":"en-US","@id":"https:\/\/www.servismetal.sk\/en\/#\/schema\/logo\/image\/","url":"https:\/\/www.servismetal.sk\/wp-content\/uploads\/2024\/09\/logo-servismetal-01.png","contentUrl":"https:\/\/www.servismetal.sk\/wp-content\/uploads\/2024\/09\/logo-servismetal-01.png","width":559,"height":286,"caption":"ServisMetal.sk"},"image":{"@id":"https:\/\/www.servismetal.sk\/en\/#\/schema\/logo\/image\/"}}]}},"_links":{"self":[{"href":"https:\/\/www.servismetal.sk\/en\/wp-json\/wp\/v2\/pages\/1238","targetHints":{"allow":["GET"]}}],"collection":[{"href":"https:\/\/www.servismetal.sk\/en\/wp-json\/wp\/v2\/pages"}],"about":[{"href":"https:\/\/www.servismetal.sk\/en\/wp-json\/wp\/v2\/types\/page"}],"author":[{"embeddable":true,"href":"https:\/\/www.servismetal.sk\/en\/wp-json\/wp\/v2\/users\/1"}],"replies":[{"embeddable":true,"href":"https:\/\/www.servismetal.sk\/en\/wp-json\/wp\/v2\/comments?post=1238"}],"version-history":[{"count":9,"href":"https:\/\/www.servismetal.sk\/en\/wp-json\/wp\/v2\/pages\/1238\/revisions"}],"predecessor-version":[{"id":1899,"href":"https:\/\/www.servismetal.sk\/en\/wp-json\/wp\/v2\/pages\/1238\/revisions\/1899"}],"wp:attachment":[{"href":"https:\/\/www.servismetal.sk\/en\/wp-json\/wp\/v2\/media?parent=1238"}],"curies":[{"name":"wp","href":"https:\/\/api.w.org\/{rel}","templated":true}]}}