{"id":1236,"date":"2024-09-23T08:24:11","date_gmt":"2024-09-23T06:24:11","guid":{"rendered":"https:\/\/www.servismetal.sk\/cast-iron\/"},"modified":"2025-01-07T13:24:06","modified_gmt":"2025-01-07T12:24:06","slug":"liatina","status":"publish","type":"page","link":"https:\/\/www.servismetal.sk\/en\/liatina\/","title":{"rendered":"Cast iron"},"content":{"rendered":"\t\t<div data-elementor-type=\"wp-page\" data-elementor-id=\"1236\" class=\"elementor elementor-1236 elementor-990\" data-elementor-post-type=\"page\">\n\t\t\t\t<div class=\"elementor-element elementor-element-492d1ff e-flex e-con-boxed e-con e-parent\" data-id=\"492d1ff\" data-element_type=\"container\" data-settings=\"{&quot;background_background&quot;:&quot;classic&quot;}\">\n\t\t\t\t\t<div class=\"e-con-inner\">\n\t\t<div class=\"elementor-element elementor-element-3debae5 e-con-full e-flex e-con e-child\" data-id=\"3debae5\" data-element_type=\"container\">\n\t\t\t\t<div class=\"elementor-element elementor-element-84cf794 elementor-widget elementor-widget-heading\" data-id=\"84cf794\" data-element_type=\"widget\" data-widget_type=\"heading.default\">\n\t\t\t\t<div class=\"elementor-widget-container\">\n\t\t\t\t\t<h2 class=\"elementor-heading-title elementor-size-default\">EN GJL-250 GG-25, EN GJL-300 GG-30, EN GJS-400-15 GG-40, EN GJL-500-7 GG-50<\/h2>\t\t\t\t<\/div>\n\t\t\t\t<\/div>\n\t\t\t\t<div class=\"elementor-element elementor-element-85d6b26 elementor-widget elementor-widget-heading\" data-id=\"85d6b26\" data-element_type=\"widget\" data-widget_type=\"heading.default\">\n\t\t\t\t<div class=\"elementor-widget-container\">\n\t\t\t\t\t<h1 class=\"elementor-heading-title elementor-size-default\">Cast iron<\/h1>\t\t\t\t<\/div>\n\t\t\t\t<\/div>\n\t\t<div class=\"elementor-element elementor-element-d72d156 e-con-full e-flex e-con e-child\" data-id=\"d72d156\" data-element_type=\"container\" data-settings=\"{&quot;background_background&quot;:&quot;classic&quot;}\">\n\t\t\t\t<div class=\"elementor-element elementor-element-813aa1a elementor-widget elementor-widget-text-editor\" data-id=\"813aa1a\" data-element_type=\"widget\" data-widget_type=\"text-editor.default\">\n\t\t\t\t<div class=\"elementor-widget-container\">\n\t\t\t\t\t\t\t\t\t<p>Non-flammability, durability, resistance to corrosion or low thermal expansion. Cast iron products offer many advantages to customers, which is why they have been popularly used for several centuries. Cast iron is also environmentally friendly, as it does not contain toxic substances and can be recycled repeatedly. We have two types Gray cast iron with flake graphite and Ductile cast iron with nodular graphite available in stock:   <\/p>\n\t\t\t\t\t\t\t\t<\/div>\n\t\t\t\t<\/div>\n\t\t\t\t<\/div>\n\t\t\t\t<\/div>\n\t\t\t\t\t<\/div>\n\t\t\t\t<\/div>\n\t\t<div class=\"elementor-element elementor-element-d184923 e-flex e-con-boxed e-con e-parent\" data-id=\"d184923\" data-element_type=\"container\">\n\t\t\t\t\t<div class=\"e-con-inner\">\n\t\t\t\t<div class=\"elementor-element elementor-element-685324d elementor-widget elementor-widget-heading\" data-id=\"685324d\" data-element_type=\"widget\" data-widget_type=\"heading.default\">\n\t\t\t\t<div class=\"elementor-widget-container\">\n\t\t\t\t\t<h3 class=\"elementor-heading-title elementor-size-default\">Gray cast iron with flake graphite and Ductile cast iron with nodular graphite<\/h3>\t\t\t\t<\/div>\n\t\t\t\t<\/div>\n\t\t\t\t<div class=\"elementor-element elementor-element-2cbce5f elementor-widget elementor-widget-text-editor\" data-id=\"2cbce5f\" data-element_type=\"widget\" data-widget_type=\"text-editor.default\">\n\t\t\t\t<div class=\"elementor-widget-container\">\n\t\t\t\t\t\t\t\t\t<p>An iron alloy with a carbon content of approximately 3 % and other elements. It is used for low-stress bearings, castings, in the production of machines, in the automotive industry, for art castings, sewage pipes, radiators or fittings. <\/p>\n<p>This type of cast iron has a carbon content higher than 2.06 %. Ductile iron is extremely widespread in the automotive industry due to its excellent mechanical properties and good machinability. Currently, it is the most used cast iron.<\/p>\n\t\t\t\t\t\t\t\t<\/div>\n\t\t\t\t<\/div>\n\t\t\t\t\t<\/div>\n\t\t\t\t<\/div>\n\t\t<div class=\"elementor-element elementor-element-5fea61c e-flex e-con-boxed e-con e-parent\" data-id=\"5fea61c\" data-element_type=\"container\">\n\t\t\t\t\t<div class=\"e-con-inner\">\n\t\t<div class=\"elementor-element elementor-element-b5f70e8 e-con-full e-flex e-con e-child\" data-id=\"b5f70e8\" data-element_type=\"container\">\n\t\t\t\t<div class=\"elementor-element elementor-element-7cd60f6 elementor-widget elementor-widget-image\" data-id=\"7cd60f6\" data-element_type=\"widget\" data-widget_type=\"image.default\">\n\t\t\t\t<div class=\"elementor-widget-container\">\n\t\t\t\t\t\t\t\t\t\t\t\t\t\t\t<img fetchpriority=\"high\" decoding=\"async\" width=\"800\" height=\"800\" src=\"https:\/\/www.servismetal.sk\/wp-content\/uploads\/2024\/09\/Ikony-Profilov-pre-katalog-oddelene-artboardy-01-1024x1024.png\" class=\"attachment-large size-large wp-image-1145\" alt=\"\" srcset=\"https:\/\/www.servismetal.sk\/wp-content\/uploads\/2024\/09\/Ikony-Profilov-pre-katalog-oddelene-artboardy-01-1024x1024.png 1024w, https:\/\/www.servismetal.sk\/wp-content\/uploads\/2024\/09\/Ikony-Profilov-pre-katalog-oddelene-artboardy-01-300x300.png 300w, https:\/\/www.servismetal.sk\/wp-content\/uploads\/2024\/09\/Ikony-Profilov-pre-katalog-oddelene-artboardy-01-150x150.png 150w, https:\/\/www.servismetal.sk\/wp-content\/uploads\/2024\/09\/Ikony-Profilov-pre-katalog-oddelene-artboardy-01-768x768.png 768w, https:\/\/www.servismetal.sk\/wp-content\/uploads\/2024\/09\/Ikony-Profilov-pre-katalog-oddelene-artboardy-01.png 1042w\" sizes=\"(max-width: 800px) 100vw, 800px\" \/>\t\t\t\t\t\t\t\t\t\t\t\t\t\t\t<\/div>\n\t\t\t\t<\/div>\n\t\t\t\t<div class=\"elementor-element elementor-element-7c8dffe elementor-widget elementor-widget-heading\" data-id=\"7c8dffe\" data-element_type=\"widget\" data-widget_type=\"heading.default\">\n\t\t\t\t<div class=\"elementor-widget-container\">\n\t\t\t\t\t<h4 class=\"elementor-heading-title elementor-size-default\">Round bar<\/h4>\t\t\t\t<\/div>\n\t\t\t\t<\/div>\n\t\t\t\t<div class=\"elementor-element elementor-element-436473f elementor-widget elementor-widget-text-editor\" data-id=\"436473f\" data-element_type=\"widget\" data-widget_type=\"text-editor.default\">\n\t\t\t\t<div class=\"elementor-widget-container\">\n\t\t\t\t\t\t\t\t\t<p>(EN GJL-250 GG-25, <br \/>EN GJL-300 GG-30, <br \/>EN GJS-400-15 GG-40, <br \/>EN GJL-500-7 GG-50)<\/p>\n\t\t\t\t\t\t\t\t<\/div>\n\t\t\t\t<\/div>\n\t\t\t\t<\/div>\n\t\t<div class=\"elementor-element elementor-element-2b324b8 e-con-full e-flex e-con e-child\" data-id=\"2b324b8\" data-element_type=\"container\">\n\t\t\t\t<div class=\"elementor-element elementor-element-d9d9320 elementor-widget elementor-widget-image\" data-id=\"d9d9320\" data-element_type=\"widget\" data-widget_type=\"image.default\">\n\t\t\t\t<div class=\"elementor-widget-container\">\n\t\t\t\t\t\t\t\t\t\t\t\t\t\t\t<img decoding=\"async\" width=\"800\" height=\"800\" src=\"https:\/\/www.servismetal.sk\/wp-content\/uploads\/2024\/09\/Ikony-Profilov-pre-katalog-oddelene-artboardy_Plocha-tyc-1024x1024.png\" class=\"attachment-large size-large wp-image-1140\" alt=\"\" srcset=\"https:\/\/www.servismetal.sk\/wp-content\/uploads\/2024\/09\/Ikony-Profilov-pre-katalog-oddelene-artboardy_Plocha-tyc-1024x1024.png 1024w, https:\/\/www.servismetal.sk\/wp-content\/uploads\/2024\/09\/Ikony-Profilov-pre-katalog-oddelene-artboardy_Plocha-tyc-300x300.png 300w, https:\/\/www.servismetal.sk\/wp-content\/uploads\/2024\/09\/Ikony-Profilov-pre-katalog-oddelene-artboardy_Plocha-tyc-150x150.png 150w, https:\/\/www.servismetal.sk\/wp-content\/uploads\/2024\/09\/Ikony-Profilov-pre-katalog-oddelene-artboardy_Plocha-tyc-768x768.png 768w, https:\/\/www.servismetal.sk\/wp-content\/uploads\/2024\/09\/Ikony-Profilov-pre-katalog-oddelene-artboardy_Plocha-tyc.png 1042w\" sizes=\"(max-width: 800px) 100vw, 800px\" \/>\t\t\t\t\t\t\t\t\t\t\t\t\t\t\t<\/div>\n\t\t\t\t<\/div>\n\t\t\t\t<div class=\"elementor-element elementor-element-eef04b8 elementor-widget elementor-widget-heading\" data-id=\"eef04b8\" data-element_type=\"widget\" data-widget_type=\"heading.default\">\n\t\t\t\t<div class=\"elementor-widget-container\">\n\t\t\t\t\t<h4 class=\"elementor-heading-title elementor-size-default\">Flat bar<\/h4>\t\t\t\t<\/div>\n\t\t\t\t<\/div>\n\t\t\t\t<div class=\"elementor-element elementor-element-16d1777 elementor-widget elementor-widget-text-editor\" data-id=\"16d1777\" data-element_type=\"widget\" data-widget_type=\"text-editor.default\">\n\t\t\t\t<div class=\"elementor-widget-container\">\n\t\t\t\t\t\t\t\t\t<p>(EN GJL-250 GG-25, <br \/>EN GJL-300 GG-30, <br \/>EN GJS-400-15 GG-40, <br \/>EN GJL-500-7 GG-50)<\/p>\n\t\t\t\t\t\t\t\t<\/div>\n\t\t\t\t<\/div>\n\t\t\t\t<\/div>\n\t\t<div class=\"elementor-element elementor-element-2a681b2 e-con-full e-flex e-con e-child\" data-id=\"2a681b2\" data-element_type=\"container\">\n\t\t\t\t<div class=\"elementor-element elementor-element-ccef8c5 elementor-widget elementor-widget-image\" data-id=\"ccef8c5\" data-element_type=\"widget\" data-widget_type=\"image.default\">\n\t\t\t\t<div class=\"elementor-widget-container\">\n\t\t\t\t\t\t\t\t\t\t\t\t\t\t\t<img decoding=\"async\" width=\"800\" height=\"800\" src=\"https:\/\/www.servismetal.sk\/wp-content\/uploads\/2024\/09\/Ikony-Profilov-pre-katalog-oddelene-artboardy_Stvorhranna-tyc-1024x1024.png\" class=\"attachment-large size-large wp-image-1144\" alt=\"\" srcset=\"https:\/\/www.servismetal.sk\/wp-content\/uploads\/2024\/09\/Ikony-Profilov-pre-katalog-oddelene-artboardy_Stvorhranna-tyc-1024x1024.png 1024w, https:\/\/www.servismetal.sk\/wp-content\/uploads\/2024\/09\/Ikony-Profilov-pre-katalog-oddelene-artboardy_Stvorhranna-tyc-300x300.png 300w, https:\/\/www.servismetal.sk\/wp-content\/uploads\/2024\/09\/Ikony-Profilov-pre-katalog-oddelene-artboardy_Stvorhranna-tyc-150x150.png 150w, https:\/\/www.servismetal.sk\/wp-content\/uploads\/2024\/09\/Ikony-Profilov-pre-katalog-oddelene-artboardy_Stvorhranna-tyc-768x768.png 768w, https:\/\/www.servismetal.sk\/wp-content\/uploads\/2024\/09\/Ikony-Profilov-pre-katalog-oddelene-artboardy_Stvorhranna-tyc.png 1042w\" sizes=\"(max-width: 800px) 100vw, 800px\" \/>\t\t\t\t\t\t\t\t\t\t\t\t\t\t\t<\/div>\n\t\t\t\t<\/div>\n\t\t\t\t<div class=\"elementor-element elementor-element-362dca7 elementor-widget elementor-widget-heading\" data-id=\"362dca7\" data-element_type=\"widget\" data-widget_type=\"heading.default\">\n\t\t\t\t<div class=\"elementor-widget-container\">\n\t\t\t\t\t<h4 class=\"elementor-heading-title elementor-size-default\">Square bar<\/h4>\t\t\t\t<\/div>\n\t\t\t\t<\/div>\n\t\t\t\t<div class=\"elementor-element elementor-element-01db6f9 elementor-widget elementor-widget-text-editor\" data-id=\"01db6f9\" data-element_type=\"widget\" data-widget_type=\"text-editor.default\">\n\t\t\t\t<div class=\"elementor-widget-container\">\n\t\t\t\t\t\t\t\t\t<p>(EN GJL-250 GG-25, <br \/>EN GJL-300 GG-30, <br \/>EN GJS-400-15 GG-40, <br \/>EN GJL-500-7 GG-50)<\/p>\n\t\t\t\t\t\t\t\t<\/div>\n\t\t\t\t<\/div>\n\t\t\t\t<\/div>\n\t\t\t\t\t<\/div>\n\t\t\t\t<\/div>\n\t\t<div class=\"elementor-element elementor-element-a0e1235 e-flex e-con-boxed e-con e-parent\" data-id=\"a0e1235\" data-element_type=\"container\">\n\t\t\t\t\t<div class=\"e-con-inner\">\n\t\t<div class=\"elementor-element elementor-element-4f168bc e-con-full e-flex e-con e-child\" data-id=\"4f168bc\" data-element_type=\"container\">\n\t\t\t\t<div class=\"elementor-element elementor-element-a3cb7c9 animated-fast elementor-invisible elementor-widget elementor-widget-button\" data-id=\"a3cb7c9\" data-element_type=\"widget\" data-settings=\"{&quot;_animation&quot;:&quot;bounceIn&quot;,&quot;_animation_delay&quot;:200}\" data-widget_type=\"button.default\">\n\t\t\t\t<div class=\"elementor-widget-container\">\n\t\t\t\t\t\t\t\t\t<div class=\"elementor-button-wrapper\">\n\t\t\t\t\t<a class=\"elementor-button elementor-button-link elementor-size-sm elementor-animation-grow\" href=\"\/wp-content\/uploads\/2025\/01\/iron-catalogue.pdf\">\n\t\t\t\t\t\t<span class=\"elementor-button-content-wrapper\">\n\t\t\t\t\t\t\t\t\t<span class=\"elementor-button-text\">Catalog for gray and ductile cast iron<\/span>\n\t\t\t\t\t<\/span>\n\t\t\t\t\t<\/a>\n\t\t\t\t<\/div>\n\t\t\t\t\t\t\t\t<\/div>\n\t\t\t\t<\/div>\n\t\t\t\t<div class=\"elementor-element elementor-element-3014d0e elementor-widget-divider--view-line elementor-widget elementor-widget-divider\" data-id=\"3014d0e\" data-element_type=\"widget\" data-widget_type=\"divider.default\">\n\t\t\t\t<div class=\"elementor-widget-container\">\n\t\t\t\t\t\t\t<div class=\"elementor-divider\">\n\t\t\t<span class=\"elementor-divider-separator\">\n\t\t\t\t\t\t<\/span>\n\t\t<\/div>\n\t\t\t\t\t\t<\/div>\n\t\t\t\t<\/div>\n\t\t\t\t<div class=\"elementor-element elementor-element-5e88f0f elementor-widget elementor-widget-text-editor\" data-id=\"5e88f0f\" data-element_type=\"widget\" data-widget_type=\"text-editor.default\">\n\t\t\t\t<div class=\"elementor-widget-container\">\n\t\t\t\t\t\t\t\t\t<p>Supplementary information: <a href=\"https:\/\/www.servismetal.sk\/wp-content\/uploads\/2025\/01\/iron-norms.pdf\">Alloys, international standards and examples of use &#8211; Grey and ductile cast iron (PDF)<\/a><\/p>\n\t\t\t\t\t\t\t\t<\/div>\n\t\t\t\t<\/div>\n\t\t\t\t<\/div>\n\t\t\t\t\t<\/div>\n\t\t\t\t<\/div>\n\t\t\t\t<\/div>\n\t\t","protected":false},"excerpt":{"rendered":"<p>EN GJL-250 GG-25, EN GJL-300 GG-30, EN GJS-400-15 GG-40, EN GJL-500-7 GG-50 Cast iron Non-flammability, durability, resistance to corrosion or low thermal expansion. Cast iron products offer many advantages to customers, which is why they have been popularly used for several centuries. Cast iron is also environmentally friendly, as it does not contain toxic substances [&hellip;]<\/p>\n","protected":false},"author":1,"featured_media":0,"parent":0,"menu_order":0,"comment_status":"closed","ping_status":"closed","template":"","meta":{"footnotes":""},"class_list":["post-1236","page","type-page","status-publish","hentry"],"yoast_head":"<!-- This site is optimized with the Yoast SEO plugin v24.5 - https:\/\/yoast.com\/wordpress\/plugins\/seo\/ -->\n<title>Cast iron - ServisMetal.sk<\/title>\n<meta name=\"description\" content=\"Cast iron has a stable place in our portfolio of semi-finished products. We offer gray cast iron with flake graphite and ductile cast iron with nodular graphite.\" \/>\n<meta name=\"robots\" content=\"index, follow, max-snippet:-1, max-image-preview:large, max-video-preview:-1\" \/>\n<link rel=\"canonical\" href=\"https:\/\/www.servismetal.sk\/en\/liatina\/\" \/>\n<meta property=\"og:locale\" content=\"en_US\" \/>\n<meta property=\"og:type\" content=\"article\" \/>\n<meta property=\"og:title\" content=\"Cast iron - ServisMetal.sk\" \/>\n<meta property=\"og:description\" content=\"Cast iron has a stable place in our portfolio of semi-finished products. We offer gray cast iron with flake graphite and ductile cast iron with nodular graphite.\" \/>\n<meta property=\"og:url\" content=\"https:\/\/www.servismetal.sk\/en\/liatina\/\" \/>\n<meta property=\"og:site_name\" content=\"ServisMetal.sk\" \/>\n<meta property=\"article:modified_time\" content=\"2025-01-07T12:24:06+00:00\" \/>\n<meta property=\"og:image\" content=\"https:\/\/www.servismetal.sk\/wp-content\/uploads\/2024\/09\/Ikony-Profilov-pre-katalog-oddelene-artboardy-01-1024x1024.png\" \/>\n<meta name=\"twitter:card\" content=\"summary_large_image\" \/>\n<meta name=\"twitter:label1\" content=\"Est. reading time\" \/>\n\t<meta name=\"twitter:data1\" content=\"3 minutes\" \/>\n<script type=\"application\/ld+json\" class=\"yoast-schema-graph\">{\"@context\":\"https:\/\/schema.org\",\"@graph\":[{\"@type\":\"WebPage\",\"@id\":\"https:\/\/www.servismetal.sk\/en\/liatina\/\",\"url\":\"https:\/\/www.servismetal.sk\/en\/liatina\/\",\"name\":\"Cast iron - ServisMetal.sk\",\"isPartOf\":{\"@id\":\"https:\/\/www.servismetal.sk\/en\/#website\"},\"primaryImageOfPage\":{\"@id\":\"https:\/\/www.servismetal.sk\/en\/liatina\/#primaryimage\"},\"image\":{\"@id\":\"https:\/\/www.servismetal.sk\/en\/liatina\/#primaryimage\"},\"thumbnailUrl\":\"https:\/\/www.servismetal.sk\/wp-content\/uploads\/2024\/09\/Ikony-Profilov-pre-katalog-oddelene-artboardy-01-1024x1024.png\",\"datePublished\":\"2024-09-23T06:24:11+00:00\",\"dateModified\":\"2025-01-07T12:24:06+00:00\",\"description\":\"Cast iron has a stable place in our portfolio of semi-finished products. We offer gray cast iron with flake graphite and ductile cast iron with nodular graphite.\",\"breadcrumb\":{\"@id\":\"https:\/\/www.servismetal.sk\/en\/liatina\/#breadcrumb\"},\"inLanguage\":\"en-US\",\"potentialAction\":[{\"@type\":\"ReadAction\",\"target\":[\"https:\/\/www.servismetal.sk\/en\/liatina\/\"]}]},{\"@type\":\"ImageObject\",\"inLanguage\":\"en-US\",\"@id\":\"https:\/\/www.servismetal.sk\/en\/liatina\/#primaryimage\",\"url\":\"https:\/\/www.servismetal.sk\/wp-content\/uploads\/2024\/09\/Ikony-Profilov-pre-katalog-oddelene-artboardy-01-1024x1024.png\",\"contentUrl\":\"https:\/\/www.servismetal.sk\/wp-content\/uploads\/2024\/09\/Ikony-Profilov-pre-katalog-oddelene-artboardy-01-1024x1024.png\"},{\"@type\":\"BreadcrumbList\",\"@id\":\"https:\/\/www.servismetal.sk\/en\/liatina\/#breadcrumb\",\"itemListElement\":[{\"@type\":\"ListItem\",\"position\":1,\"name\":\"Home\",\"item\":\"https:\/\/www.servismetal.sk\/en\/\"},{\"@type\":\"ListItem\",\"position\":2,\"name\":\"Cast iron\"}]},{\"@type\":\"WebSite\",\"@id\":\"https:\/\/www.servismetal.sk\/en\/#website\",\"url\":\"https:\/\/www.servismetal.sk\/en\/\",\"name\":\"ServisMetal.sk\",\"description\":\"Farebn\u00e9 kovy od bronzu po mosadz. Zo\u017eenieme v\u0161etko!\",\"publisher\":{\"@id\":\"https:\/\/www.servismetal.sk\/en\/#organization\"},\"potentialAction\":[{\"@type\":\"SearchAction\",\"target\":{\"@type\":\"EntryPoint\",\"urlTemplate\":\"https:\/\/www.servismetal.sk\/en\/?s={search_term_string}\"},\"query-input\":{\"@type\":\"PropertyValueSpecification\",\"valueRequired\":true,\"valueName\":\"search_term_string\"}}],\"inLanguage\":\"en-US\"},{\"@type\":\"Organization\",\"@id\":\"https:\/\/www.servismetal.sk\/en\/#organization\",\"name\":\"ServisMetal.sk\",\"url\":\"https:\/\/www.servismetal.sk\/en\/\",\"logo\":{\"@type\":\"ImageObject\",\"inLanguage\":\"en-US\",\"@id\":\"https:\/\/www.servismetal.sk\/en\/#\/schema\/logo\/image\/\",\"url\":\"https:\/\/www.servismetal.sk\/wp-content\/uploads\/2024\/09\/logo-servismetal-01.png\",\"contentUrl\":\"https:\/\/www.servismetal.sk\/wp-content\/uploads\/2024\/09\/logo-servismetal-01.png\",\"width\":559,\"height\":286,\"caption\":\"ServisMetal.sk\"},\"image\":{\"@id\":\"https:\/\/www.servismetal.sk\/en\/#\/schema\/logo\/image\/\"}}]}<\/script>\n<!-- \/ Yoast SEO plugin. -->","yoast_head_json":{"title":"Cast iron - ServisMetal.sk","description":"Cast iron has a stable place in our portfolio of semi-finished products. We offer gray cast iron with flake graphite and ductile cast iron with nodular graphite.","robots":{"index":"index","follow":"follow","max-snippet":"max-snippet:-1","max-image-preview":"max-image-preview:large","max-video-preview":"max-video-preview:-1"},"canonical":"https:\/\/www.servismetal.sk\/en\/liatina\/","og_locale":"en_US","og_type":"article","og_title":"Cast iron - ServisMetal.sk","og_description":"Cast iron has a stable place in our portfolio of semi-finished products. We offer gray cast iron with flake graphite and ductile cast iron with nodular graphite.","og_url":"https:\/\/www.servismetal.sk\/en\/liatina\/","og_site_name":"ServisMetal.sk","article_modified_time":"2025-01-07T12:24:06+00:00","og_image":[{"url":"https:\/\/www.servismetal.sk\/wp-content\/uploads\/2024\/09\/Ikony-Profilov-pre-katalog-oddelene-artboardy-01-1024x1024.png","type":"","width":"","height":""}],"twitter_card":"summary_large_image","twitter_misc":{"Est. reading time":"3 minutes"},"schema":{"@context":"https:\/\/schema.org","@graph":[{"@type":"WebPage","@id":"https:\/\/www.servismetal.sk\/en\/liatina\/","url":"https:\/\/www.servismetal.sk\/en\/liatina\/","name":"Cast iron - ServisMetal.sk","isPartOf":{"@id":"https:\/\/www.servismetal.sk\/en\/#website"},"primaryImageOfPage":{"@id":"https:\/\/www.servismetal.sk\/en\/liatina\/#primaryimage"},"image":{"@id":"https:\/\/www.servismetal.sk\/en\/liatina\/#primaryimage"},"thumbnailUrl":"https:\/\/www.servismetal.sk\/wp-content\/uploads\/2024\/09\/Ikony-Profilov-pre-katalog-oddelene-artboardy-01-1024x1024.png","datePublished":"2024-09-23T06:24:11+00:00","dateModified":"2025-01-07T12:24:06+00:00","description":"Cast iron has a stable place in our portfolio of semi-finished products. We offer gray cast iron with flake graphite and ductile cast iron with nodular graphite.","breadcrumb":{"@id":"https:\/\/www.servismetal.sk\/en\/liatina\/#breadcrumb"},"inLanguage":"en-US","potentialAction":[{"@type":"ReadAction","target":["https:\/\/www.servismetal.sk\/en\/liatina\/"]}]},{"@type":"ImageObject","inLanguage":"en-US","@id":"https:\/\/www.servismetal.sk\/en\/liatina\/#primaryimage","url":"https:\/\/www.servismetal.sk\/wp-content\/uploads\/2024\/09\/Ikony-Profilov-pre-katalog-oddelene-artboardy-01-1024x1024.png","contentUrl":"https:\/\/www.servismetal.sk\/wp-content\/uploads\/2024\/09\/Ikony-Profilov-pre-katalog-oddelene-artboardy-01-1024x1024.png"},{"@type":"BreadcrumbList","@id":"https:\/\/www.servismetal.sk\/en\/liatina\/#breadcrumb","itemListElement":[{"@type":"ListItem","position":1,"name":"Home","item":"https:\/\/www.servismetal.sk\/en\/"},{"@type":"ListItem","position":2,"name":"Cast iron"}]},{"@type":"WebSite","@id":"https:\/\/www.servismetal.sk\/en\/#website","url":"https:\/\/www.servismetal.sk\/en\/","name":"ServisMetal.sk","description":"Farebn\u00e9 kovy od bronzu po mosadz. Zo\u017eenieme v\u0161etko!","publisher":{"@id":"https:\/\/www.servismetal.sk\/en\/#organization"},"potentialAction":[{"@type":"SearchAction","target":{"@type":"EntryPoint","urlTemplate":"https:\/\/www.servismetal.sk\/en\/?s={search_term_string}"},"query-input":{"@type":"PropertyValueSpecification","valueRequired":true,"valueName":"search_term_string"}}],"inLanguage":"en-US"},{"@type":"Organization","@id":"https:\/\/www.servismetal.sk\/en\/#organization","name":"ServisMetal.sk","url":"https:\/\/www.servismetal.sk\/en\/","logo":{"@type":"ImageObject","inLanguage":"en-US","@id":"https:\/\/www.servismetal.sk\/en\/#\/schema\/logo\/image\/","url":"https:\/\/www.servismetal.sk\/wp-content\/uploads\/2024\/09\/logo-servismetal-01.png","contentUrl":"https:\/\/www.servismetal.sk\/wp-content\/uploads\/2024\/09\/logo-servismetal-01.png","width":559,"height":286,"caption":"ServisMetal.sk"},"image":{"@id":"https:\/\/www.servismetal.sk\/en\/#\/schema\/logo\/image\/"}}]}},"_links":{"self":[{"href":"https:\/\/www.servismetal.sk\/en\/wp-json\/wp\/v2\/pages\/1236","targetHints":{"allow":["GET"]}}],"collection":[{"href":"https:\/\/www.servismetal.sk\/en\/wp-json\/wp\/v2\/pages"}],"about":[{"href":"https:\/\/www.servismetal.sk\/en\/wp-json\/wp\/v2\/types\/page"}],"author":[{"embeddable":true,"href":"https:\/\/www.servismetal.sk\/en\/wp-json\/wp\/v2\/users\/1"}],"replies":[{"embeddable":true,"href":"https:\/\/www.servismetal.sk\/en\/wp-json\/wp\/v2\/comments?post=1236"}],"version-history":[{"count":13,"href":"https:\/\/www.servismetal.sk\/en\/wp-json\/wp\/v2\/pages\/1236\/revisions"}],"predecessor-version":[{"id":1713,"href":"https:\/\/www.servismetal.sk\/en\/wp-json\/wp\/v2\/pages\/1236\/revisions\/1713"}],"wp:attachment":[{"href":"https:\/\/www.servismetal.sk\/en\/wp-json\/wp\/v2\/media?parent=1236"}],"curies":[{"name":"wp","href":"https:\/\/api.w.org\/{rel}","templated":true}]}}