{"id":1234,"date":"2024-09-23T08:40:47","date_gmt":"2024-09-23T06:40:47","guid":{"rendered":"https:\/\/www.servismetal.sk\/aluminum\/"},"modified":"2026-01-28T14:18:53","modified_gmt":"2026-01-28T13:18:53","slug":"aluminum","status":"publish","type":"page","link":"https:\/\/www.servismetal.sk\/en\/aluminum\/","title":{"rendered":"Aluminum"},"content":{"rendered":"\t\t<div data-elementor-type=\"wp-page\" data-elementor-id=\"1234\" class=\"elementor elementor-1234 elementor-995\" data-elementor-post-type=\"page\">\n\t\t\t\t<div class=\"elementor-element elementor-element-de564f0 e-flex e-con-boxed e-con e-parent\" data-id=\"de564f0\" data-element_type=\"container\" data-settings=\"{&quot;background_background&quot;:&quot;classic&quot;}\">\n\t\t\t\t\t<div class=\"e-con-inner\">\n\t\t<div class=\"elementor-element elementor-element-2aef2a4 e-con-full e-flex e-con e-child\" data-id=\"2aef2a4\" data-element_type=\"container\">\n\t\t\t\t<div class=\"elementor-element elementor-element-837ff33 elementor-widget elementor-widget-heading\" data-id=\"837ff33\" data-element_type=\"widget\" data-widget_type=\"heading.default\">\n\t\t\t\t<div class=\"elementor-widget-container\">\n\t\t\t\t\t<h2 class=\"elementor-heading-title elementor-size-default\">AlMgCuPb, AlMgSi<\/h2>\t\t\t\t<\/div>\n\t\t\t\t<\/div>\n\t\t\t\t<div class=\"elementor-element elementor-element-3e26300 elementor-widget elementor-widget-heading\" data-id=\"3e26300\" data-element_type=\"widget\" data-widget_type=\"heading.default\">\n\t\t\t\t<div class=\"elementor-widget-container\">\n\t\t\t\t\t<h1 class=\"elementor-heading-title elementor-size-default\">Aluminum<\/h1>\t\t\t\t<\/div>\n\t\t\t\t<\/div>\n\t\t<div class=\"elementor-element elementor-element-65f35b6 e-con-full e-flex e-con e-child\" data-id=\"65f35b6\" data-element_type=\"container\" data-settings=\"{&quot;background_background&quot;:&quot;classic&quot;}\">\n\t\t\t\t<div class=\"elementor-element elementor-element-d9db111 elementor-widget elementor-widget-text-editor\" data-id=\"d9db111\" data-element_type=\"widget\" data-widget_type=\"text-editor.default\">\n\t\t\t\t<div class=\"elementor-widget-container\">\n\t\t\t\t\t\t\t\t\tAluminum and its alloys are practically used wherever an easily machined and light material is needed. It is a widely used material in the aerospace and electrical industries, as well as in construction and other industries. The main advantage of aluminum and its alloys compared to other materials is, in addition to low weight, excellent ductility, excellent thermal and electrical conductivity, as well as a low melting point. Despite the fact that aluminum and its alloys are not our main focus, we have a relatively large stock of two alloys:   \t\t\t\t\t\t\t\t<\/div>\n\t\t\t\t<\/div>\n\t\t\t\t<\/div>\n\t\t\t\t<\/div>\n\t\t\t\t\t<\/div>\n\t\t\t\t<\/div>\n\t\t<div class=\"elementor-element elementor-element-d6b9246 e-flex e-con-boxed e-con e-parent\" data-id=\"d6b9246\" data-element_type=\"container\">\n\t\t\t\t\t<div class=\"e-con-inner\">\n\t\t\t\t<div class=\"elementor-element elementor-element-28cc025 elementor-widget elementor-widget-heading\" data-id=\"28cc025\" data-element_type=\"widget\" data-widget_type=\"heading.default\">\n\t\t\t\t<div class=\"elementor-widget-container\">\n\t\t\t\t\t<h3 class=\"elementor-heading-title elementor-size-default\">Aluminum alloys<\/h3>\t\t\t\t<\/div>\n\t\t\t\t<\/div>\n\t\t\t\t\t<\/div>\n\t\t\t\t<\/div>\n\t\t<div class=\"elementor-element elementor-element-fb1cdaf e-flex e-con-boxed e-con e-parent\" data-id=\"fb1cdaf\" data-element_type=\"container\">\n\t\t\t\t\t<div class=\"e-con-inner\">\n\t\t<div class=\"elementor-element elementor-element-31ccf19 e-con-full e-flex e-con e-child\" data-id=\"31ccf19\" data-element_type=\"container\">\n\t\t\t\t<div class=\"elementor-element elementor-element-bb6bd8d elementor-widget elementor-widget-image\" data-id=\"bb6bd8d\" data-element_type=\"widget\" data-widget_type=\"image.default\">\n\t\t\t\t<div class=\"elementor-widget-container\">\n\t\t\t\t\t\t\t\t\t\t\t\t\t\t\t<img fetchpriority=\"high\" decoding=\"async\" width=\"800\" height=\"800\" src=\"https:\/\/www.servismetal.sk\/wp-content\/uploads\/2024\/09\/Ikony-Profilov-pre-katalog-oddelene-artboardy-01-1024x1024.png\" class=\"attachment-large size-large wp-image-1145\" alt=\"\" srcset=\"https:\/\/www.servismetal.sk\/wp-content\/uploads\/2024\/09\/Ikony-Profilov-pre-katalog-oddelene-artboardy-01-1024x1024.png 1024w, https:\/\/www.servismetal.sk\/wp-content\/uploads\/2024\/09\/Ikony-Profilov-pre-katalog-oddelene-artboardy-01-300x300.png 300w, https:\/\/www.servismetal.sk\/wp-content\/uploads\/2024\/09\/Ikony-Profilov-pre-katalog-oddelene-artboardy-01-150x150.png 150w, https:\/\/www.servismetal.sk\/wp-content\/uploads\/2024\/09\/Ikony-Profilov-pre-katalog-oddelene-artboardy-01-768x768.png 768w, https:\/\/www.servismetal.sk\/wp-content\/uploads\/2024\/09\/Ikony-Profilov-pre-katalog-oddelene-artboardy-01.png 1042w\" sizes=\"(max-width: 800px) 100vw, 800px\" \/>\t\t\t\t\t\t\t\t\t\t\t\t\t\t\t<\/div>\n\t\t\t\t<\/div>\n\t\t\t\t<div class=\"elementor-element elementor-element-edd0400 elementor-widget elementor-widget-heading\" data-id=\"edd0400\" data-element_type=\"widget\" data-widget_type=\"heading.default\">\n\t\t\t\t<div class=\"elementor-widget-container\">\n\t\t\t\t\t<h4 class=\"elementor-heading-title elementor-size-default\">Round bar<\/h4>\t\t\t\t<\/div>\n\t\t\t\t<\/div>\n\t\t\t\t<div class=\"elementor-element elementor-element-ed2354c elementor-widget elementor-widget-text-editor\" data-id=\"ed2354c\" data-element_type=\"widget\" data-widget_type=\"text-editor.default\">\n\t\t\t\t<div class=\"elementor-widget-container\">\n\t\t\t\t\t\t\t\t\t<p>(AW6082, AlMgSi AW2007, AlMgCuPb)<\/p>\t\t\t\t\t\t\t\t<\/div>\n\t\t\t\t<\/div>\n\t\t\t\t<\/div>\n\t\t<div class=\"elementor-element elementor-element-33a9e31 e-con-full e-flex e-con e-child\" data-id=\"33a9e31\" data-element_type=\"container\">\n\t\t\t\t<div class=\"elementor-element elementor-element-5edacbc elementor-widget elementor-widget-image\" data-id=\"5edacbc\" data-element_type=\"widget\" data-widget_type=\"image.default\">\n\t\t\t\t<div class=\"elementor-widget-container\">\n\t\t\t\t\t\t\t\t\t\t\t\t\t\t\t<img decoding=\"async\" width=\"800\" height=\"800\" src=\"https:\/\/www.servismetal.sk\/wp-content\/uploads\/2024\/09\/Ikony-Profilov-pre-katalog-oddelene-artboardy_Plocha-tyc-1024x1024.png\" class=\"attachment-large size-large wp-image-1140\" alt=\"\" srcset=\"https:\/\/www.servismetal.sk\/wp-content\/uploads\/2024\/09\/Ikony-Profilov-pre-katalog-oddelene-artboardy_Plocha-tyc-1024x1024.png 1024w, https:\/\/www.servismetal.sk\/wp-content\/uploads\/2024\/09\/Ikony-Profilov-pre-katalog-oddelene-artboardy_Plocha-tyc-300x300.png 300w, https:\/\/www.servismetal.sk\/wp-content\/uploads\/2024\/09\/Ikony-Profilov-pre-katalog-oddelene-artboardy_Plocha-tyc-150x150.png 150w, https:\/\/www.servismetal.sk\/wp-content\/uploads\/2024\/09\/Ikony-Profilov-pre-katalog-oddelene-artboardy_Plocha-tyc-768x768.png 768w, https:\/\/www.servismetal.sk\/wp-content\/uploads\/2024\/09\/Ikony-Profilov-pre-katalog-oddelene-artboardy_Plocha-tyc.png 1042w\" sizes=\"(max-width: 800px) 100vw, 800px\" \/>\t\t\t\t\t\t\t\t\t\t\t\t\t\t\t<\/div>\n\t\t\t\t<\/div>\n\t\t\t\t<div class=\"elementor-element elementor-element-b4d694b elementor-widget elementor-widget-heading\" data-id=\"b4d694b\" data-element_type=\"widget\" data-widget_type=\"heading.default\">\n\t\t\t\t<div class=\"elementor-widget-container\">\n\t\t\t\t\t<h4 class=\"elementor-heading-title elementor-size-default\">Flat bar<\/h4>\t\t\t\t<\/div>\n\t\t\t\t<\/div>\n\t\t\t\t<div class=\"elementor-element elementor-element-3be0fbe elementor-widget elementor-widget-text-editor\" data-id=\"3be0fbe\" data-element_type=\"widget\" data-widget_type=\"text-editor.default\">\n\t\t\t\t<div class=\"elementor-widget-container\">\n\t\t\t\t\t\t\t\t\t<p>(AW6082, AlMgSi)<\/p>\t\t\t\t\t\t\t\t<\/div>\n\t\t\t\t<\/div>\n\t\t\t\t<\/div>\n\t\t<div class=\"elementor-element elementor-element-62ee87a e-con-full e-flex e-con e-child\" data-id=\"62ee87a\" data-element_type=\"container\">\n\t\t\t\t<div class=\"elementor-element elementor-element-151dd6e elementor-widget elementor-widget-image\" data-id=\"151dd6e\" data-element_type=\"widget\" data-widget_type=\"image.default\">\n\t\t\t\t<div class=\"elementor-widget-container\">\n\t\t\t\t\t\t\t\t\t\t\t\t\t\t\t<img decoding=\"async\" width=\"800\" height=\"800\" src=\"https:\/\/www.servismetal.sk\/wp-content\/uploads\/2024\/09\/Ikony-Profilov-pre-katalog-oddelene-artboardy_Stvorhranna-tyc-1024x1024.png\" class=\"attachment-large size-large wp-image-1144\" alt=\"\" srcset=\"https:\/\/www.servismetal.sk\/wp-content\/uploads\/2024\/09\/Ikony-Profilov-pre-katalog-oddelene-artboardy_Stvorhranna-tyc-1024x1024.png 1024w, https:\/\/www.servismetal.sk\/wp-content\/uploads\/2024\/09\/Ikony-Profilov-pre-katalog-oddelene-artboardy_Stvorhranna-tyc-300x300.png 300w, https:\/\/www.servismetal.sk\/wp-content\/uploads\/2024\/09\/Ikony-Profilov-pre-katalog-oddelene-artboardy_Stvorhranna-tyc-150x150.png 150w, https:\/\/www.servismetal.sk\/wp-content\/uploads\/2024\/09\/Ikony-Profilov-pre-katalog-oddelene-artboardy_Stvorhranna-tyc-768x768.png 768w, https:\/\/www.servismetal.sk\/wp-content\/uploads\/2024\/09\/Ikony-Profilov-pre-katalog-oddelene-artboardy_Stvorhranna-tyc.png 1042w\" sizes=\"(max-width: 800px) 100vw, 800px\" \/>\t\t\t\t\t\t\t\t\t\t\t\t\t\t\t<\/div>\n\t\t\t\t<\/div>\n\t\t\t\t<div class=\"elementor-element elementor-element-24f0d0e elementor-widget elementor-widget-heading\" data-id=\"24f0d0e\" data-element_type=\"widget\" data-widget_type=\"heading.default\">\n\t\t\t\t<div class=\"elementor-widget-container\">\n\t\t\t\t\t<h4 class=\"elementor-heading-title elementor-size-default\">Square bar<\/h4>\t\t\t\t<\/div>\n\t\t\t\t<\/div>\n\t\t\t\t<div class=\"elementor-element elementor-element-c1f9a6e elementor-widget elementor-widget-text-editor\" data-id=\"c1f9a6e\" data-element_type=\"widget\" data-widget_type=\"text-editor.default\">\n\t\t\t\t<div class=\"elementor-widget-container\">\n\t\t\t\t\t\t\t\t\t<p>(AW6082, AlMgSi, AW2007, AlMgCuPb)<\/p>\t\t\t\t\t\t\t\t<\/div>\n\t\t\t\t<\/div>\n\t\t\t\t<\/div>\n\t\t<div class=\"elementor-element elementor-element-0565735 e-con-full e-flex e-con e-child\" data-id=\"0565735\" data-element_type=\"container\">\n\t\t\t\t<div class=\"elementor-element elementor-element-915d897 elementor-widget elementor-widget-image\" data-id=\"915d897\" data-element_type=\"widget\" data-widget_type=\"image.default\">\n\t\t\t\t<div class=\"elementor-widget-container\">\n\t\t\t\t\t\t\t\t\t\t\t\t\t\t\t<img loading=\"lazy\" decoding=\"async\" width=\"800\" height=\"800\" src=\"https:\/\/www.servismetal.sk\/wp-content\/uploads\/2024\/09\/Ikony-Profilov-pre-katalog-oddelene-artboardy_Rura-Med-1024x1024.png\" class=\"attachment-large size-large wp-image-1141\" alt=\"\" srcset=\"https:\/\/www.servismetal.sk\/wp-content\/uploads\/2024\/09\/Ikony-Profilov-pre-katalog-oddelene-artboardy_Rura-Med-1024x1024.png 1024w, https:\/\/www.servismetal.sk\/wp-content\/uploads\/2024\/09\/Ikony-Profilov-pre-katalog-oddelene-artboardy_Rura-Med-300x300.png 300w, https:\/\/www.servismetal.sk\/wp-content\/uploads\/2024\/09\/Ikony-Profilov-pre-katalog-oddelene-artboardy_Rura-Med-150x150.png 150w, https:\/\/www.servismetal.sk\/wp-content\/uploads\/2024\/09\/Ikony-Profilov-pre-katalog-oddelene-artboardy_Rura-Med-768x768.png 768w, https:\/\/www.servismetal.sk\/wp-content\/uploads\/2024\/09\/Ikony-Profilov-pre-katalog-oddelene-artboardy_Rura-Med.png 1042w\" sizes=\"(max-width: 800px) 100vw, 800px\" \/>\t\t\t\t\t\t\t\t\t\t\t\t\t\t\t<\/div>\n\t\t\t\t<\/div>\n\t\t\t\t<div class=\"elementor-element elementor-element-39dbbd3 elementor-widget elementor-widget-heading\" data-id=\"39dbbd3\" data-element_type=\"widget\" data-widget_type=\"heading.default\">\n\t\t\t\t<div class=\"elementor-widget-container\">\n\t\t\t\t\t<h4 class=\"elementor-heading-title elementor-size-default\">Tube<\/h4>\t\t\t\t<\/div>\n\t\t\t\t<\/div>\n\t\t\t\t<div class=\"elementor-element elementor-element-c963c26 elementor-widget elementor-widget-text-editor\" data-id=\"c963c26\" data-element_type=\"widget\" data-widget_type=\"text-editor.default\">\n\t\t\t\t<div class=\"elementor-widget-container\">\n\t\t\t\t\t\t\t\t\t<p>(AW6082, AW6060)<\/p>\t\t\t\t\t\t\t\t<\/div>\n\t\t\t\t<\/div>\n\t\t\t\t<\/div>\n\t\t\t\t\t<\/div>\n\t\t\t\t<\/div>\n\t\t<div class=\"elementor-element elementor-element-9a3cdae e-flex e-con-boxed e-con e-parent\" data-id=\"9a3cdae\" data-element_type=\"container\">\n\t\t\t\t\t<div class=\"e-con-inner\">\n\t\t<div class=\"elementor-element elementor-element-c866fbe e-con-full e-flex e-con e-child\" data-id=\"c866fbe\" data-element_type=\"container\">\n\t\t\t\t<div class=\"elementor-element elementor-element-8a837ea animated-fast elementor-invisible elementor-widget elementor-widget-button\" data-id=\"8a837ea\" data-element_type=\"widget\" data-settings=\"{&quot;_animation&quot;:&quot;bounceIn&quot;,&quot;_animation_delay&quot;:200}\" data-widget_type=\"button.default\">\n\t\t\t\t<div class=\"elementor-widget-container\">\n\t\t\t\t\t\t\t\t\t<div class=\"elementor-button-wrapper\">\n\t\t\t\t\t<a class=\"elementor-button elementor-button-link elementor-size-sm elementor-animation-grow\" href=\"\/wp-content\/uploads\/2026\/01\/alluminium-catalogue.pdf\">\n\t\t\t\t\t\t<span class=\"elementor-button-content-wrapper\">\n\t\t\t\t\t\t\t\t\t<span class=\"elementor-button-text\">Catalogue Aluminum<\/span>\n\t\t\t\t\t<\/span>\n\t\t\t\t\t<\/a>\n\t\t\t\t<\/div>\n\t\t\t\t\t\t\t\t<\/div>\n\t\t\t\t<\/div>\n\t\t\t\t<div class=\"elementor-element elementor-element-b6a69fe elementor-widget-divider--view-line elementor-widget elementor-widget-divider\" data-id=\"b6a69fe\" data-element_type=\"widget\" data-widget_type=\"divider.default\">\n\t\t\t\t<div class=\"elementor-widget-container\">\n\t\t\t\t\t\t\t<div class=\"elementor-divider\">\n\t\t\t<span class=\"elementor-divider-separator\">\n\t\t\t\t\t\t<\/span>\n\t\t<\/div>\n\t\t\t\t\t\t<\/div>\n\t\t\t\t<\/div>\n\t\t\t\t<div class=\"elementor-element elementor-element-d737312 elementor-widget elementor-widget-text-editor\" data-id=\"d737312\" data-element_type=\"widget\" data-widget_type=\"text-editor.default\">\n\t\t\t\t<div class=\"elementor-widget-container\">\n\t\t\t\t\t\t\t\t\t<p>Additional information: <a href=\"\/wp-content\/uploads\/2026\/01\/alluminium-norms.pdf\">Alloys, international standards and application examples &#8211; aluminium alloys (PDF)<\/a><\/p>\t\t\t\t\t\t\t\t<\/div>\n\t\t\t\t<\/div>\n\t\t\t\t<\/div>\n\t\t\t\t\t<\/div>\n\t\t\t\t<\/div>\n\t\t\t\t<\/div>\n\t\t","protected":false},"excerpt":{"rendered":"<p>AlMgCuPb, AlMgSi Aluminum Aluminum and its alloys are practically used wherever an easily machined and light material is needed. It is a widely used material in the aerospace and electrical industries, as well as in construction and other industries. The main advantage of aluminum and its alloys compared to other materials is, in addition to [&hellip;]<\/p>\n","protected":false},"author":1,"featured_media":0,"parent":0,"menu_order":0,"comment_status":"closed","ping_status":"closed","template":"","meta":{"footnotes":""},"class_list":["post-1234","page","type-page","status-publish","hentry"],"yoast_head":"<!-- This site is optimized with the Yoast SEO plugin v24.5 - https:\/\/yoast.com\/wordpress\/plugins\/seo\/ -->\n<title>Aluminum - ServisMetal.sk<\/title>\n<meta name=\"description\" content=\"Aluminum and its alloys are very popular, especially for their low weight. That is why we have included this material in our portfolio.\" \/>\n<meta name=\"robots\" content=\"index, follow, max-snippet:-1, max-image-preview:large, max-video-preview:-1\" \/>\n<link rel=\"canonical\" href=\"https:\/\/www.servismetal.sk\/en\/aluminum\/\" \/>\n<meta property=\"og:locale\" content=\"en_US\" \/>\n<meta property=\"og:type\" content=\"article\" \/>\n<meta property=\"og:title\" content=\"Aluminum - ServisMetal.sk\" \/>\n<meta property=\"og:description\" content=\"Aluminum and its alloys are very popular, especially for their low weight. That is why we have included this material in our portfolio.\" \/>\n<meta property=\"og:url\" content=\"https:\/\/www.servismetal.sk\/en\/aluminum\/\" \/>\n<meta property=\"og:site_name\" content=\"ServisMetal.sk\" \/>\n<meta property=\"article:modified_time\" content=\"2026-01-28T13:18:53+00:00\" \/>\n<meta property=\"og:image\" content=\"https:\/\/www.servismetal.sk\/wp-content\/uploads\/2024\/09\/Ikony-Profilov-pre-katalog-oddelene-artboardy-01.png\" \/>\n\t<meta property=\"og:image:width\" content=\"1042\" \/>\n\t<meta property=\"og:image:height\" content=\"1042\" \/>\n\t<meta property=\"og:image:type\" content=\"image\/png\" \/>\n<meta name=\"twitter:card\" content=\"summary_large_image\" \/>\n<meta name=\"twitter:label1\" content=\"Est. reading time\" \/>\n\t<meta name=\"twitter:data1\" content=\"2 minutes\" \/>\n<script type=\"application\/ld+json\" class=\"yoast-schema-graph\">{\"@context\":\"https:\/\/schema.org\",\"@graph\":[{\"@type\":\"WebPage\",\"@id\":\"https:\/\/www.servismetal.sk\/en\/aluminum\/\",\"url\":\"https:\/\/www.servismetal.sk\/en\/aluminum\/\",\"name\":\"Aluminum - ServisMetal.sk\",\"isPartOf\":{\"@id\":\"https:\/\/www.servismetal.sk\/en\/#website\"},\"primaryImageOfPage\":{\"@id\":\"https:\/\/www.servismetal.sk\/en\/aluminum\/#primaryimage\"},\"image\":{\"@id\":\"https:\/\/www.servismetal.sk\/en\/aluminum\/#primaryimage\"},\"thumbnailUrl\":\"https:\/\/www.servismetal.sk\/wp-content\/uploads\/2024\/09\/Ikony-Profilov-pre-katalog-oddelene-artboardy-01-1024x1024.png\",\"datePublished\":\"2024-09-23T06:40:47+00:00\",\"dateModified\":\"2026-01-28T13:18:53+00:00\",\"description\":\"Aluminum and its alloys are very popular, especially for their low weight. That is why we have included this material in our portfolio.\",\"breadcrumb\":{\"@id\":\"https:\/\/www.servismetal.sk\/en\/aluminum\/#breadcrumb\"},\"inLanguage\":\"en-US\",\"potentialAction\":[{\"@type\":\"ReadAction\",\"target\":[\"https:\/\/www.servismetal.sk\/en\/aluminum\/\"]}]},{\"@type\":\"ImageObject\",\"inLanguage\":\"en-US\",\"@id\":\"https:\/\/www.servismetal.sk\/en\/aluminum\/#primaryimage\",\"url\":\"https:\/\/www.servismetal.sk\/wp-content\/uploads\/2024\/09\/Ikony-Profilov-pre-katalog-oddelene-artboardy-01-1024x1024.png\",\"contentUrl\":\"https:\/\/www.servismetal.sk\/wp-content\/uploads\/2024\/09\/Ikony-Profilov-pre-katalog-oddelene-artboardy-01-1024x1024.png\"},{\"@type\":\"BreadcrumbList\",\"@id\":\"https:\/\/www.servismetal.sk\/en\/aluminum\/#breadcrumb\",\"itemListElement\":[{\"@type\":\"ListItem\",\"position\":1,\"name\":\"Home\",\"item\":\"https:\/\/www.servismetal.sk\/en\/\"},{\"@type\":\"ListItem\",\"position\":2,\"name\":\"Aluminum\"}]},{\"@type\":\"WebSite\",\"@id\":\"https:\/\/www.servismetal.sk\/en\/#website\",\"url\":\"https:\/\/www.servismetal.sk\/en\/\",\"name\":\"ServisMetal.sk\",\"description\":\"Farebn\u00e9 kovy od bronzu po mosadz. Zo\u017eenieme v\u0161etko!\",\"publisher\":{\"@id\":\"https:\/\/www.servismetal.sk\/en\/#organization\"},\"potentialAction\":[{\"@type\":\"SearchAction\",\"target\":{\"@type\":\"EntryPoint\",\"urlTemplate\":\"https:\/\/www.servismetal.sk\/en\/?s={search_term_string}\"},\"query-input\":{\"@type\":\"PropertyValueSpecification\",\"valueRequired\":true,\"valueName\":\"search_term_string\"}}],\"inLanguage\":\"en-US\"},{\"@type\":\"Organization\",\"@id\":\"https:\/\/www.servismetal.sk\/en\/#organization\",\"name\":\"ServisMetal.sk\",\"url\":\"https:\/\/www.servismetal.sk\/en\/\",\"logo\":{\"@type\":\"ImageObject\",\"inLanguage\":\"en-US\",\"@id\":\"https:\/\/www.servismetal.sk\/en\/#\/schema\/logo\/image\/\",\"url\":\"https:\/\/www.servismetal.sk\/wp-content\/uploads\/2024\/09\/logo-servismetal-01.png\",\"contentUrl\":\"https:\/\/www.servismetal.sk\/wp-content\/uploads\/2024\/09\/logo-servismetal-01.png\",\"width\":559,\"height\":286,\"caption\":\"ServisMetal.sk\"},\"image\":{\"@id\":\"https:\/\/www.servismetal.sk\/en\/#\/schema\/logo\/image\/\"}}]}<\/script>\n<!-- \/ Yoast SEO plugin. -->","yoast_head_json":{"title":"Aluminum - ServisMetal.sk","description":"Aluminum and its alloys are very popular, especially for their low weight. That is why we have included this material in our portfolio.","robots":{"index":"index","follow":"follow","max-snippet":"max-snippet:-1","max-image-preview":"max-image-preview:large","max-video-preview":"max-video-preview:-1"},"canonical":"https:\/\/www.servismetal.sk\/en\/aluminum\/","og_locale":"en_US","og_type":"article","og_title":"Aluminum - ServisMetal.sk","og_description":"Aluminum and its alloys are very popular, especially for their low weight. That is why we have included this material in our portfolio.","og_url":"https:\/\/www.servismetal.sk\/en\/aluminum\/","og_site_name":"ServisMetal.sk","article_modified_time":"2026-01-28T13:18:53+00:00","og_image":[{"width":1042,"height":1042,"url":"https:\/\/www.servismetal.sk\/wp-content\/uploads\/2024\/09\/Ikony-Profilov-pre-katalog-oddelene-artboardy-01.png","type":"image\/png"}],"twitter_card":"summary_large_image","twitter_misc":{"Est. reading time":"2 minutes"},"schema":{"@context":"https:\/\/schema.org","@graph":[{"@type":"WebPage","@id":"https:\/\/www.servismetal.sk\/en\/aluminum\/","url":"https:\/\/www.servismetal.sk\/en\/aluminum\/","name":"Aluminum - ServisMetal.sk","isPartOf":{"@id":"https:\/\/www.servismetal.sk\/en\/#website"},"primaryImageOfPage":{"@id":"https:\/\/www.servismetal.sk\/en\/aluminum\/#primaryimage"},"image":{"@id":"https:\/\/www.servismetal.sk\/en\/aluminum\/#primaryimage"},"thumbnailUrl":"https:\/\/www.servismetal.sk\/wp-content\/uploads\/2024\/09\/Ikony-Profilov-pre-katalog-oddelene-artboardy-01-1024x1024.png","datePublished":"2024-09-23T06:40:47+00:00","dateModified":"2026-01-28T13:18:53+00:00","description":"Aluminum and its alloys are very popular, especially for their low weight. That is why we have included this material in our portfolio.","breadcrumb":{"@id":"https:\/\/www.servismetal.sk\/en\/aluminum\/#breadcrumb"},"inLanguage":"en-US","potentialAction":[{"@type":"ReadAction","target":["https:\/\/www.servismetal.sk\/en\/aluminum\/"]}]},{"@type":"ImageObject","inLanguage":"en-US","@id":"https:\/\/www.servismetal.sk\/en\/aluminum\/#primaryimage","url":"https:\/\/www.servismetal.sk\/wp-content\/uploads\/2024\/09\/Ikony-Profilov-pre-katalog-oddelene-artboardy-01-1024x1024.png","contentUrl":"https:\/\/www.servismetal.sk\/wp-content\/uploads\/2024\/09\/Ikony-Profilov-pre-katalog-oddelene-artboardy-01-1024x1024.png"},{"@type":"BreadcrumbList","@id":"https:\/\/www.servismetal.sk\/en\/aluminum\/#breadcrumb","itemListElement":[{"@type":"ListItem","position":1,"name":"Home","item":"https:\/\/www.servismetal.sk\/en\/"},{"@type":"ListItem","position":2,"name":"Aluminum"}]},{"@type":"WebSite","@id":"https:\/\/www.servismetal.sk\/en\/#website","url":"https:\/\/www.servismetal.sk\/en\/","name":"ServisMetal.sk","description":"Farebn\u00e9 kovy od bronzu po mosadz. Zo\u017eenieme v\u0161etko!","publisher":{"@id":"https:\/\/www.servismetal.sk\/en\/#organization"},"potentialAction":[{"@type":"SearchAction","target":{"@type":"EntryPoint","urlTemplate":"https:\/\/www.servismetal.sk\/en\/?s={search_term_string}"},"query-input":{"@type":"PropertyValueSpecification","valueRequired":true,"valueName":"search_term_string"}}],"inLanguage":"en-US"},{"@type":"Organization","@id":"https:\/\/www.servismetal.sk\/en\/#organization","name":"ServisMetal.sk","url":"https:\/\/www.servismetal.sk\/en\/","logo":{"@type":"ImageObject","inLanguage":"en-US","@id":"https:\/\/www.servismetal.sk\/en\/#\/schema\/logo\/image\/","url":"https:\/\/www.servismetal.sk\/wp-content\/uploads\/2024\/09\/logo-servismetal-01.png","contentUrl":"https:\/\/www.servismetal.sk\/wp-content\/uploads\/2024\/09\/logo-servismetal-01.png","width":559,"height":286,"caption":"ServisMetal.sk"},"image":{"@id":"https:\/\/www.servismetal.sk\/en\/#\/schema\/logo\/image\/"}}]}},"_links":{"self":[{"href":"https:\/\/www.servismetal.sk\/en\/wp-json\/wp\/v2\/pages\/1234","targetHints":{"allow":["GET"]}}],"collection":[{"href":"https:\/\/www.servismetal.sk\/en\/wp-json\/wp\/v2\/pages"}],"about":[{"href":"https:\/\/www.servismetal.sk\/en\/wp-json\/wp\/v2\/types\/page"}],"author":[{"embeddable":true,"href":"https:\/\/www.servismetal.sk\/en\/wp-json\/wp\/v2\/users\/1"}],"replies":[{"embeddable":true,"href":"https:\/\/www.servismetal.sk\/en\/wp-json\/wp\/v2\/comments?post=1234"}],"version-history":[{"count":16,"href":"https:\/\/www.servismetal.sk\/en\/wp-json\/wp\/v2\/pages\/1234\/revisions"}],"predecessor-version":[{"id":1905,"href":"https:\/\/www.servismetal.sk\/en\/wp-json\/wp\/v2\/pages\/1234\/revisions\/1905"}],"wp:attachment":[{"href":"https:\/\/www.servismetal.sk\/en\/wp-json\/wp\/v2\/media?parent=1234"}],"curies":[{"name":"wp","href":"https:\/\/api.w.org\/{rel}","templated":true}]}}